{"id":2926,"date":"2016-03-26T13:59:36","date_gmt":"2016-03-26T13:59:36","guid":{"rendered":"https:\/\/electro.madrasthemes.com\/product\/smartphone-6s-64gb-lte\/"},"modified":"2026-04-10T00:34:33","modified_gmt":"2026-04-10T00:34:33","slug":"sistema-para-restaurante-con-comandas","status":"publish","type":"product","link":"https:\/\/gatorperu.com\/index.php\/product\/sistema-para-restaurante-con-comandas\/","title":{"rendered":"Sistema para Restaurante con Comandas"},"content":{"rendered":"<h1>Software Para Restaurantes<\/h1>\n<p><img fetchpriority=\"high\" decoding=\"async\" class=\"alignnone size-full wp-image-5424\" src=\"https:\/\/gatorperu.com\/wp-content\/uploads\/2016\/03\/mesas.jpg\" alt=\"\" width=\"899\" height=\"440\" srcset=\"https:\/\/gatorperu.com\/wp-content\/uploads\/2016\/03\/mesas.jpg 899w, https:\/\/gatorperu.com\/wp-content\/uploads\/2016\/03\/mesas-300x147.jpg 300w, https:\/\/gatorperu.com\/wp-content\/uploads\/2016\/03\/mesas-768x376.jpg 768w, https:\/\/gatorperu.com\/wp-content\/uploads\/2016\/03\/mesas-600x294.jpg 600w\" sizes=\"(max-width: 899px) 100vw, 899px\" \/><\/p>\n<div id=\"le_body_row_1_col_1_el_2\" class=\"element-container cf\" data-style=\"\">\n<div class=\"element\">\n<h1><\/h1>\n<\/div>\n<\/div>\n<div id=\"le_body_row_1_col_1_el_3\" class=\"element-container cf\" data-style=\"\">\n<div class=\"element\">\n<div><\/div>\n<\/div>\n<\/div>\n<div id=\"le_body_row_1_col_1_el_4\" class=\"element-container cf\" data-style=\"\">\n<div class=\"element\">\n<div class=\"op-text-block\">\n<p>Es un<strong>\u00a0Sistema Punto de Venta<\/strong>\u00a0dise\u00f1ado para administrar, controlar y operar<strong>\u00a0restaurantes, bares y cafeter\u00edas.<\/strong>\u00a0Un software que te ayudar\u00e1 a gestionar y hacer crecer tu negocio, brindando agilidad para tu operaci\u00f3n y entregando un servicio de calidad para tus clientes.<\/p>\n<\/div>\n<\/div>\n<\/div>\n<p>.<\/p>\n<div id=\"le_body_row_3_col_1\" class=\"one-third column cols narrow\">\n<div id=\"le_body_row_3_col_1_el_2\" class=\"element-container cf\" data-style=\"\">\n<div class=\"element\">\n<div class=\"image-caption\"><img decoding=\"async\" class=\"full-width\" src=\"https:\/\/s3.amazonaws.com\/wp-mpro-wo\/wp-content\/uploads\/2023\/10\/19120929\/imagen-managementpro-software-sistema-gestion-admistrativo-integral-postouch-bebidas-alimentos-caracteristicas-2.png\" alt=\"Sistema Punto de Venta para restaurantes\" border=\"0\" \/><\/div>\n<\/div>\n<\/div>\n<\/div>\n<div id=\"le_body_row_3_col_2\" class=\"one-third column cols narrow\">\n<div id=\"le_body_row_3_col_2_el_1\" class=\"element-container cf\" data-style=\"\">\n<div class=\"element\">\n<div><\/div>\n<\/div>\n<\/div>\n<div id=\"le_body_row_3_col_2_el_2\" class=\"element-container cf\" data-style=\"\">\n<div class=\"element\">\n<h2>3 Modalidades en un mismo sistema<\/h2>\n<\/div>\n<\/div>\n<div id=\"le_body_row_3_col_2_el_3\" class=\"element-container cf\" data-style=\"\">\n<div class=\"element\">\n<h2>Selecciona la opci\u00f3n adecuada para tu funcionamiento.<\/h2>\n<\/div>\n<\/div>\n<div id=\"le_body_row_3_col_2_el_4\" class=\"element-container cf\" data-style=\"\">\n<div class=\"element\">\n<div><\/div>\n<\/div>\n<\/div>\n<div id=\"le_body_row_3_col_2_el_5\" class=\"element-container cf\" data-style=\"\">\n<div class=\"element\">\n<div><\/div>\n<\/div>\n<\/div>\n<div id=\"le_body_row_3_col_2_el_6\" class=\"element-container cf\" data-style=\"\">\n<div class=\"element\">\n<div class=\"op-text-block\">\n<p><strong><img decoding=\"async\" class=\"alignleft wp-image-13692 size-full\" src=\"https:\/\/s3.amazonaws.com\/wp-mpro-wo\/wp-content\/uploads\/2023\/10\/19121118\/Icono-mpro-postouch-modalidades-comandero.png\" alt=\"\" width=\"30\" height=\"30\" \/>Comandero<\/strong><\/p>\n<\/div>\n<\/div>\n<\/div>\n<div id=\"le_body_row_3_col_2_el_7\" class=\"element-container cf\" data-style=\"\">\n<div class=\"element\">\n<div class=\"op-text-block\">\n<p>Tus meseros tendr\u00e1n la capacidad de anotar los pedidos de sus mesas correspondientes, estos pedidos se imprimir\u00e1n autom\u00e1ticamente en las impresoras de barra y cocina, y es posible especificar instrucciones de preparaci\u00f3n, como dividir en dos platos o sin sal, entre otras. Adem\u00e1s, el sistema permite dividir cuentas y ofrece numerosas funciones \u00fatiles para tu rutina diaria de trabajo.<\/p>\n<\/div>\n<\/div>\n<\/div>\n<\/div>\n<div id=\"le_body_row_3_col_3\" class=\"one-third column cols narrow\">\n<div id=\"le_body_row_3_col_3_el_1\" class=\"element-container cf\" data-style=\"\">\n<div class=\"element\">\n<div><\/div>\n<\/div>\n<\/div>\n<div id=\"le_body_row_3_col_3_el_2\" class=\"element-container cf\" data-style=\"\">\n<div class=\"element\">\n<div><\/div>\n<\/div>\n<\/div>\n<div id=\"le_body_row_3_col_3_el_3\" class=\"element-container cf\" data-style=\"\">\n<div class=\"element\">\n<div class=\"op-text-block\">\n<p><strong><img decoding=\"async\" class=\"alignleft wp-image-13693 size-full\" src=\"https:\/\/s3.amazonaws.com\/wp-mpro-wo\/wp-content\/uploads\/2023\/10\/19121308\/Icono-mpro-postouch-modalidades-caja.png\" alt=\"\" width=\"30\" height=\"30\" \/>Caja<\/strong><\/p>\n<\/div>\n<\/div>\n<\/div>\n<div id=\"le_body_row_3_col_3_el_4\" class=\"element-container cf\" data-style=\"\">\n<div class=\"element\">\n<div class=\"op-text-block\">\n<p>En este modo, el empleado de caja tiene la capacidad de ingresar los pedidos y generar impresiones, siguiendo el mismo proceso que el comandero. Adem\u00e1s, permite llevar a cabo el cobro de cuentas, crear facturas electr\u00f3nicas, realizar cierres de caja, registrar ingresos y ofrecer una amplia variedad de funciones adicionales.<\/p>\n<\/div>\n<\/div>\n<\/div>\n<div id=\"le_body_row_3_col_3_el_5\" class=\"element-container cf\" data-style=\"\">\n<div class=\"element\">\n<div><\/div>\n<\/div>\n<\/div>\n<div id=\"le_body_row_3_col_3_el_6\" class=\"element-container cf\" data-style=\"\">\n<div class=\"element\">\n<div><\/div>\n<\/div>\n<\/div>\n<div id=\"le_body_row_3_col_3_el_7\" class=\"element-container cf\" data-style=\"\">\n<div class=\"element\">\n<div class=\"op-text-block\">\n<p><strong><img loading=\"lazy\" decoding=\"async\" class=\"alignleft wp-image-13694 size-full\" src=\"https:\/\/s3.amazonaws.com\/wp-mpro-wo\/wp-content\/uploads\/2023\/10\/19121509\/Icono-mpro-postouch-modalidades-fast-food.png\" alt=\"\" width=\"30\" height=\"30\" \/>Fast Food<\/strong><\/p>\n<\/div>\n<\/div>\n<\/div>\n<div id=\"le_body_row_3_col_3_el_8\" class=\"element-container cf\" data-style=\"\">\n<div class=\"element\">\n<div class=\"op-text-block\">\n<p>Una variante espec\u00edficamente creada para establecimientos de comida r\u00e1pida, facilita la toma de pedidos, la impresi\u00f3n de solicitudes para la preparaci\u00f3n de alimentos y la finalizaci\u00f3n autom\u00e1tica de la cuenta tras cada pedido. Asimismo, integra todas las funciones disponibles en la modalidad de Caja.<\/p>\n<\/div>\n<\/div>\n<\/div>\n<\/div>\n<p><img loading=\"lazy\" decoding=\"async\" class=\"alignnone size-full wp-image-5425\" src=\"https:\/\/gatorperu.com\/wp-content\/uploads\/2016\/03\/pedido.jpg\" alt=\"\" width=\"899\" height=\"440\" srcset=\"https:\/\/gatorperu.com\/wp-content\/uploads\/2016\/03\/pedido.jpg 899w, https:\/\/gatorperu.com\/wp-content\/uploads\/2016\/03\/pedido-300x147.jpg 300w, https:\/\/gatorperu.com\/wp-content\/uploads\/2016\/03\/pedido-768x376.jpg 768w, https:\/\/gatorperu.com\/wp-content\/uploads\/2016\/03\/pedido-600x294.jpg 600w\" sizes=\"(max-width: 899px) 100vw, 899px\" \/><\/p>\n<p>Desde el manejo de las mesas y las reservas, la supervisi\u00f3n de tu equipo de trabajo, hasta la gesti\u00f3n completa de tu negocio. Nuestra soluci\u00f3n de\u00a0<strong>Punto de Venta dise\u00f1ado para Restaurantes<\/strong>\u00a0engloba todas las funcionalidades esenciales para dirigir tu negocio con \u00e9xito, sin importar si cuentas con una sola ubicaci\u00f3n o varias.<\/p>\n<div id=\"le_body_row_5_col_1_el_2\" class=\"element-container cf\" data-style=\"\">\n<div class=\"element\">\n<h2>Administraci\u00f3n y Operaci\u00f3n<\/h2>\n<\/div>\n<\/div>\n<div id=\"le_body_row_5_col_1_el_3\" class=\"element-container cf\" data-style=\"\">\n<div class=\"element\">\n<h2>Cualidades del sistema que lo convierten en tu mejor opci\u00f3n<\/h2>\n<div id=\"le_body_row_6_col_1_el_1\" class=\"element-container cf\" data-style=\"\">\n<div class=\"element\">\n<div class=\"op-text-block\">\n<p>Controla el acceso y seguridad de tu sistema<\/p>\n<\/div>\n<\/div>\n<\/div>\n<div id=\"le_body_row_6_col_1_el_2\" class=\"element-container cf\" data-style=\"\">\n<div class=\"element\">\n<div class=\"op-text-block\">\n<p>Configura los diferentes perfiles para el control y uso del sistema; Gerentes, Meseros, Cajeros, etc.<\/p>\n<\/div>\n<\/div>\n<\/div>\n<div id=\"le_body_row_6_col_1_el_3\" class=\"element-container cf\" data-style=\"\">\n<div class=\"element\">\n<div class=\"op-text-block\">\n<p>Administra, controla y resguarda las Recetas<\/p>\n<\/div>\n<\/div>\n<\/div>\n<div id=\"le_body_row_6_col_1_el_4\" class=\"element-container cf\" data-style=\"\">\n<div class=\"element\">\n<div class=\"op-text-block\">\n<p>Administra tus recetas conforme a procesos establecidos controlando los insumos de tu negocio. Resguarda la informaci\u00f3n en base a perfiles establecidos para el acceso.<\/p>\n<\/div>\n<\/div>\n<\/div>\n<div id=\"le_body_row_6_col_1_el_5\" class=\"element-container cf\" data-style=\"\">\n<div class=\"element\">\n<div class=\"op-text-block\">\n<p>Crea Perfiles y usuarios<\/p>\n<\/div>\n<\/div>\n<\/div>\n<div id=\"le_body_row_6_col_1_el_6\" class=\"element-container cf\" data-style=\"\">\n<div class=\"element\">\n<div class=\"op-text-block\">\n<p>Con la creaci\u00f3n de perfiles tienes el control sobre descuentos aplicados, cancelaciones o cortes\u00edas otorgadas por tus gerentes.<\/p>\n<p><img loading=\"lazy\" decoding=\"async\" class=\"alignnone size-full wp-image-5426\" src=\"https:\/\/gatorperu.com\/wp-content\/uploads\/2016\/03\/enviacomanda.jpg\" alt=\"\" width=\"899\" height=\"440\" srcset=\"https:\/\/gatorperu.com\/wp-content\/uploads\/2016\/03\/enviacomanda.jpg 899w, https:\/\/gatorperu.com\/wp-content\/uploads\/2016\/03\/enviacomanda-300x147.jpg 300w, https:\/\/gatorperu.com\/wp-content\/uploads\/2016\/03\/enviacomanda-768x376.jpg 768w, https:\/\/gatorperu.com\/wp-content\/uploads\/2016\/03\/enviacomanda-600x294.jpg 600w\" sizes=\"(max-width: 899px) 100vw, 899px\" \/><\/p>\n<div id=\"le_body_row_7_col_1\" class=\"one-half column cols\">\n<div id=\"le_body_row_7_col_1_el_1\" class=\"element-container cf\" data-style=\"\">\n<div class=\"element\">\n<div class=\"image-caption\"><\/div>\n<\/div>\n<\/div>\n<\/div>\n<div id=\"le_body_row_7_col_2\" class=\"one-half column cols\">\n<div id=\"le_body_row_7_col_2_el_1\" class=\"element-container cf\" data-style=\"\">\n<div class=\"element\">\n<div class=\"op-text-block\">\n<p>Manejo de turnos<\/p>\n<\/div>\n<\/div>\n<\/div>\n<div id=\"le_body_row_7_col_2_el_2\" class=\"element-container cf\" data-style=\"\">\n<div class=\"element\">\n<div class=\"op-text-block\">\n<p>Configura uno o varios turnos para tu personal ajust\u00e1ndolos a los horarios que manejas en tu establecimiento.<\/p>\n<\/div>\n<\/div>\n<\/div>\n<div id=\"le_body_row_7_col_2_el_3\" class=\"element-container cf\" data-style=\"\">\n<div class=\"element\">\n<div class=\"op-text-block\">\n<p>Reservaciones<\/p>\n<\/div>\n<\/div>\n<\/div>\n<div id=\"le_body_row_7_col_2_el_4\" class=\"element-container cf\" data-style=\"\">\n<div class=\"element\">\n<div class=\"op-text-block\">\n<p>Controla las reservaciones para una excelente atenci\u00f3n a tus clientes por parte de la hostess al recibirlos y asignarlos a su mesa.<\/p>\n<\/div>\n<\/div>\n<\/div>\n<div id=\"le_body_row_7_col_2_el_5\" class=\"element-container cf\" data-style=\"\">\n<div class=\"element\">\n<div class=\"op-text-block\">\n<p>Comisiones<\/p>\n<\/div>\n<\/div>\n<\/div>\n<div id=\"le_body_row_7_col_2_el_6\" class=\"element-container cf\" data-style=\"\">\n<div class=\"element\">\n<div class=\"op-text-block\">\n<p>Reporte de comisionistas que puedes manejar para agencias u hoteles que canalizan clientes a tu restaurante.<\/p>\n<\/div>\n<\/div>\n<\/div>\n<div id=\"le_body_row_7_col_2_el_7\" class=\"element-container cf\" data-style=\"\">\n<div class=\"element\"><img decoding=\"async\" class=\"full-width\" src=\"https:\/\/s3.amazonaws.com\/wp-mpro-wo\/wp-content\/uploads\/2023\/10\/19122242\/s3-software-para-restaurantes-1-1.png\" alt=\"M\u00f3dulo de Reservaciones del Software para Restaurantes\" border=\"0\" \/><\/div>\n<div>\n<div id=\"le_body_row_9_col_1\" class=\"one-half column cols\">\n<div id=\"le_body_row_9_col_1_el_2\" class=\"element-container cf hide-mobile\" data-style=\"eyJoaWRlTW9iaWxlIjoxfQ==\">\n<div class=\"element\">\n<div><\/div>\n<\/div>\n<\/div>\n<div id=\"le_body_row_9_col_1_el_3\" class=\"element-container cf\" data-style=\"\">\n<div class=\"element\">\n<div class=\"image-caption\">\u00d3rdenes<\/div>\n<\/div>\n<\/div>\n<\/div>\n<div id=\"le_body_row_9_col_2\" class=\"one-half column cols\">\n<div id=\"le_body_row_9_col_2_el_2\" class=\"element-container cf\" data-style=\"\">\n<div class=\"element\">\n<h2>Agiliza tu proceso de venta con las diferentes funcionalidades del Sistema<\/h2>\n<\/div>\n<\/div>\n<div id=\"le_body_row_9_col_2_el_3\" class=\"element-container cf\" data-style=\"\">\n<div class=\"element\">\n<div class=\"op-text-block\">\n<p>Men\u00fa Digital<\/p>\n<\/div>\n<\/div>\n<\/div>\n<div id=\"le_body_row_9_col_2_el_4\" class=\"element-container cf\" data-style=\"\">\n<div class=\"element\">\n<div class=\"op-text-block\">\n<p>Ofrece a tus clientes un men\u00fa digital para que puedan consultarlo desde su dispositivo m\u00f3vil mediante el escaneo de un C\u00f3digo QR.<\/p>\n<\/div>\n<\/div>\n<\/div>\n<div id=\"le_body_row_9_col_2_el_5\" class=\"element-container cf\" data-style=\"\">\n<div class=\"element\">\n<div class=\"op-text-block\">\n<p>Comandero para captura tradicional y touchscreen<\/p>\n<\/div>\n<\/div>\n<\/div>\n<div id=\"le_body_row_9_col_2_el_6\" class=\"element-container cf\" data-style=\"\">\n<div class=\"element\">\n<div class=\"op-text-block\">\n<p>Captura y controla las cuentas y \u00f3rdenes que realizan los meseros a trav\u00e9s de equipos t\u00e1ctiles o computadoras personales<\/p>\n<\/div>\n<\/div>\n<\/div>\n<div id=\"le_body_row_9_col_2_el_7\" class=\"element-container cf\" data-style=\"\">\n<div class=\"element\">\n<div class=\"op-text-block\">\n<p>Cambio de mesas y\/o meseros<\/p>\n<\/div>\n<\/div>\n<\/div>\n<div id=\"le_body_row_9_col_2_el_8\" class=\"element-container cf\" data-style=\"\">\n<div class=\"element\">\n<div class=\"op-text-block\">\n<p>Cuentas con opciones en el sistema para realizar cambios de una mesa a otra y tambi\u00e9n para traspasar una cuenta a otro mesero por alg\u00fan motivo en particular.<\/p>\n<p><img decoding=\"async\" class=\"full-width\" src=\"https:\/\/s3.amazonaws.com\/wp-mpro-wo\/wp-content\/uploads\/2023\/10\/19122014\/s3-comanderos-software-para-restaurantes-1.png\" alt=\"Comanderos del Software para Restaurantes\" border=\"0\" \/><\/p>\n<\/div>\n<\/div>\n<\/div>\n<div id=\"le_body_row_9_col_2_el_9\" class=\"element-container cf\" data-style=\"\">\n<div class=\"element\">\n<div class=\"op-text-block\">\n<p>Uni\u00f3n y separaci\u00f3n de cuentas<\/p>\n<\/div>\n<\/div>\n<\/div>\n<div id=\"le_body_row_9_col_2_el_10\" class=\"element-container cf\" data-style=\"\">\n<div class=\"element\">\n<div class=\"op-text-block\">\n<p>Se acabaron las complicaciones a la hora de unir o dividir cuentas. Ahora solo tienes que seleccionar los productos que deseas dividir y agregarlos a una nueva cuenta. \u00a1As\u00ed de f\u00e1cil!<\/p>\n<div id=\"le_body_row_10_col_1\" class=\"one-half column cols\">\n<div id=\"le_body_row_10_col_1_el_1\" class=\"element-container cf\" data-style=\"\">\n<div class=\"element\">\n<div class=\"op-text-block\">\n<p>Facturaci\u00f3n Electr\u00f3nica<\/p>\n<\/div>\n<\/div>\n<\/div>\n<div id=\"le_body_row_10_col_1_el_2\" class=\"element-container cf\" data-style=\"\">\n<div class=\"element\">\n<div class=\"op-text-block\">\n<p>Realizar tus facturas electr\u00f3nicas ahora es m\u00e1s f\u00e1cil y r\u00e1pido, generaci\u00f3n en autom\u00e1tico del XML y el archivo PDF para enviar a tus clientes. \u00a1Ahorra tiempo y dinero!<\/p>\n<\/div>\n<\/div>\n<\/div>\n<div id=\"le_body_row_10_col_1_el_3\" class=\"element-container cf\" data-style=\"\">\n<div class=\"element\">\n<div class=\"op-text-block\">\n<p>Servicio a Domicilio<\/p>\n<\/div>\n<\/div>\n<\/div>\n<div id=\"le_body_row_10_col_1_el_4\" class=\"element-container cf\" data-style=\"\">\n<div class=\"element\">\n<div class=\"op-text-block\">\n<p>Brinda un servicio personalizado realizando b\u00fasquedas y consultas de informaci\u00f3n para agilizar la captura de pedidos y controlar las \u00f3rdenes para entregar.<\/p>\n<\/div>\n<\/div>\n<\/div>\n<div id=\"le_body_row_10_col_1_el_5\" class=\"element-container cf\" data-style=\"\">\n<div class=\"element\">\n<div class=\"op-text-block\">\n<p>Resurtido Autom\u00e1tico<\/p>\n<\/div>\n<\/div>\n<\/div>\n<div id=\"le_body_row_10_col_1_el_6\" class=\"element-container cf\" data-style=\"\">\n<div class=\"element\">\n<div class=\"op-text-block\">\n<p class=\"p1\"><span class=\"s1\">Surte tu stock en autom\u00e1tico en base a estad\u00edsticos configurables que te indicar\u00e1n qu\u00e9 debes comprar y cu\u00e1ndo lo debes comprar.<\/span><\/p>\n<\/div>\n<\/div>\n<\/div>\n<\/div>\n<div id=\"le_body_row_10_col_2\" class=\"one-half column cols\">\n<div id=\"le_body_row_10_col_2_el_1\" class=\"element-container cf\" data-style=\"\">\n<div class=\"element\">\n<div class=\"image-caption\"><img decoding=\"async\" class=\"full-width\" src=\"https:\/\/s3.amazonaws.com\/wp-mpro-wo\/wp-content\/uploads\/2023\/10\/19122413\/s3-grafico-facturacion-postouch4-1.png\" alt=\"Facturaci\u00f3n desde el Sistema de Restaurante\" border=\"0\" \/><\/div>\n<div>\n<div id=\"le_body_row_11_col_1_el_4\" class=\"element-container cf\" data-style=\"\">\n<div class=\"element\">\n<h2><strong>Nunca detengas tu operaci\u00f3n<\/strong><\/h2>\n<\/div>\n<\/div>\n<div id=\"le_body_row_11_col_1_el_5\" class=\"element-container cf\" data-style=\"\">\n<div class=\"element\">\n<h2>\u00bfTe quedaste sin internet? \u00a1No te preocupes! Tu sistema seguir\u00e1 vendiendo y registrando la informaci\u00f3n. ManagementPro PosTouch te ofrece la posibilidad de seguir operando aunque se caiga tu conexi\u00f3n a internet.<\/h2>\n<div id=\"le_body_row_14\" class=\"row one-column cf ui-sortable section\" data-style=\"eyJiYWNrZ3JvdW5kQ29sb3JTdGFydCI6IiNmMGYwZjAiLCJib3JkZXJUb3BXaWR0aCI6IiIsImJvcmRlclRvcENvbG9yIjoiIiwiYm9yZGVyQm90dG9tV2lkdGgiOiIiLCJib3JkZXJCb3R0b21Db2xvciI6IiIsImFkZG9uIjp7fSwiZWxlbWVudElkIjoibGVfYm9keV9yb3dfMTQifQ==\">\n<div class=\"fixed-width\">\n<div id=\"le_body_row_14_col_1\" class=\"one-column column cols\">\n<div id=\"le_body_row_14_col_1_el_1\" class=\"element-container cf\" data-style=\"\">\n<div class=\"element\">\n<div class=\"op-text-block\">\n<h2><strong>\u00a1Informaci\u00f3n que le da valor a tu negocio!<\/strong><\/h2>\n<\/div>\n<\/div>\n<\/div>\n<\/div>\n<\/div>\n<\/div>\n<div id=\"le_body_row_15\" class=\"row two-columns cf ui-sortable section\" data-style=\"eyJiYWNrZ3JvdW5kQ29sb3JTdGFydCI6IiNmMGYwZjAiLCJib3JkZXJUb3BXaWR0aCI6IiIsImJvcmRlclRvcENvbG9yIjoiIiwiYm9yZGVyQm90dG9tV2lkdGgiOiIiLCJib3JkZXJCb3R0b21Db2xvciI6IiIsImFkZG9uIjp7fSwiZWxlbWVudElkIjoibGVfYm9keV9yb3dfMTUifQ==\">\n<div class=\"fixed-width\">\n<div id=\"le_body_row_15_col_1\" class=\"one-half column cols\">\n<div id=\"le_body_row_15_col_1_el_1\" class=\"element-container cf\" data-style=\"\">\n<div class=\"element\">\n<div class=\"image-caption\"><img decoding=\"async\" class=\"full-width\" src=\"https:\/\/s3.amazonaws.com\/wp-mpro\/wp-content\/uploads\/2017\/02\/09134715\/s3-h-reportes-postouch.png\" alt=\"Inteligencia de Negocios para tu Restaurante\" border=\"0\" \/><\/div>\n<\/div>\n<\/div>\n<\/div>\n<div id=\"le_body_row_15_col_2\" class=\"one-half column cols\">\n<div id=\"le_body_row_15_col_2_el_1\" class=\"element-container cf\" data-style=\"\">\n<div class=\"element\">\n<div class=\"op-text-block\">\n<p>&nbsp;<\/p>\n<ul>\n<li><b>Administra todas tus sucursales<br \/>\nObt\u00e9n el panorama general de todas tus sucursales y tambi\u00e9n reportes por cada uno de tus restaurantes.<br \/>\n<\/b><\/li>\n<li><b>Analiza el desempe\u00f1o de tu personal<br \/>\nMide el rendimiento de tus empleados y cada unos de sus movimientos y registros. Conoce quienes son tus mejores meseros y personal m\u00e1s eficiente en base a sus ventas.<\/b><\/li>\n<li><b>F\u00e1cil acceso a tu informaci\u00f3n<br \/>\nConsulta tus ventas desde cualquier dispositivo a trav\u00e9s de los tableros y gr\u00e1ficas del Sistema para tomar decisiones con informaci\u00f3n confiable y actualizada.<\/b><\/li>\n<\/ul>\n<p>&nbsp;<\/p>\n<\/div>\n<\/div>\n<\/div>\n<\/div>\n<\/div>\n<\/div>\n<div id=\"le_body_row_16\" class=\"row one-column cf ui-sortable section\" data-style=\"eyJlbGVtZW50SWQiOiJsZV9ib2R5X3Jvd18xNiIsImJhY2tncm91bmRJbWFnZSI6InVybChodHRwczovL3MzLmFtYXpvbmF3cy5jb20vd3AtbXByby13by93cC1jb250ZW50L3VwbG9hZHMvMjAyMy8xMC8xMTEyMTkxMy9tcHJvLXNpc3RlbWEtZXJwLXZlcnNpb244LWFlci1za3kucG5nKSIsImJhY2tncm91bmRQb3NpdGlvbiI6ImNvdmVyIiwiYmFja2dyb3VuZEltYWdlQ29sb3IiOiIiLCJiYWNrZ3JvdW5kSW1hZ2VDb2xvck9wYWNpdHkiOiIwIiwiYmFja2dyb3VuZFBhcmFsYXgiOmZhbHNlLCJib3JkZXJUb3BXaWR0aCI6IiIsImJvcmRlclRvcENvbG9yIjoiIiwiYm9yZGVyQm90dG9tV2lkdGgiOiIiLCJib3JkZXJCb3R0b21Db2xvciI6IiIsInNlY3Rpb25TZXBhcmF0b3JUeXBlIjoibm9uZSIsInNlY3Rpb25TZXBhcmF0b3JTdHlsZSI6IiIsImV4dHJhcyI6eyJhbmltYXRpb25FZmZlY3QiOiIiLCJhbmltYXRpb25EZWxheSI6IiJ9LCJyb3dTY3JvbGxGaXhlZFBvc2l0aW9uIjoibm9uZSIsInJvd1Njcm9sbEZpeGVkTW9iaWxlIjpmYWxzZSwiYWRkb24iOnsidmlkZW9fYmFja2dyb3VuZF90eXBlIjoiIiwidmlkZW9fYmFja2dyb3VuZF95b3V0dWJlIjoiIiwidmlkZW9fYmFja2dyb3VuZF95b3V0dWJlX3dpZHRoIjoiIiwidmlkZW9fYmFja2dyb3VuZF95b3V0dWJlX2hlaWdodCI6IiIsInZpZGVvX2JhY2tncm91bmRfdXJsX21wNCI6IiIsInZpZGVvX2JhY2tncm91bmRfdXJsX3dlYm0iOiIiLCJ2aWRlb19iYWNrZ3JvdW5kX3VybF9vZ3YiOiIiLCJ2aWRlb19iYWNrZ3JvdW5kX3ZlcnRpY2FsX2FsaWduIjoiIiwidmlkZW9fYmFja2dyb3VuZF9vdmVybGF5X2NvbG9yIjoiIiwidmlkZW9fYmFja2dyb3VuZF9vdmVybGF5X29wYWNpdHkiOiIwIiwidmlkZW9fYmFja2dyb3VuZF9vdmVybGF5X2ltYWdlIjoiIiwidmlkZW9fYmFja2dyb3VuZF9pbWFnZV9wb3NpdGlvbiI6IiIsInZpZGVvX2JhY2tncm91bmRfYWx0ZXJuYXRpdmVfaW1hZ2UiOiIifX0=\">\n<div class=\"op-row-video-background-wrap\"><\/div>\n<\/div>\n<\/div>\n<\/div>\n<\/div>\n<\/div>\n<\/div>\n<\/div>\n<\/div>\n<\/div>\n<\/div>\n<\/div>\n<\/div>\n<\/div>\n<\/div>\n<\/div>\n<\/div>\n<\/div>\n<\/div>\n<\/div>\n","protected":false},"excerpt":{"rendered":"<ul>\n<li class=\"bi bi-check\">Comprobantes Ilimitados<\/li>\n<li class=\"bi bi-check\">Usuarios Ilimitados<\/li>\n<li class=\"bi bi-check\">Establecimientos Ilimitados<\/li>\n<li class=\"bi bi-check\">Facturaci\u00f3n, boletas Electr\u00f3nicas.<\/li>\n<li class=\"bi bi-check\">Sistema de ventas , compras<\/li>\n<li class=\"bi bi-check\">Punto de Venta<\/li>\n<li class=\"bi bi-check\">Inventarios<\/li>\n<li class=\"bi bi-check\">Tienda Virtual<\/li>\n<li class=\"bi bi-check\">Sistema Contable y Finanzas<\/li>\n<li class=\"bi bi-check\">Reportes personalizados<\/li>\n<li class=\"bi bi-check\">M\u00f3dulos adicionales seg\u00fan tu rubro de negocio.<\/li>\n<li>app gratis para usuarios<\/li>\n<li>Comandas para Mozos<\/li>\n<li>Comandas para Cocina<\/li>\n<li>Comandas para Caja<\/li>\n<li>Comandas para Delivery<\/li>\n<li>Soporte de 8:00am\u00a0 a 10:00pm (llamada y Whatsapp)<\/li>\n<\/ul>\n","protected":false},"featured_media":5427,"comment_status":"open","ping_status":"closed","template":"","meta":{"_acf_changed":false,"content-type":""},"product_brand":[],"product_cat":[116],"product_tag":[],"class_list":{"0":"post-2926","1":"product","2":"type-product","3":"status-publish","4":"has-post-thumbnail","6":"product_cat-restaurante-y-bares","8":"first","9":"instock","10":"featured","11":"shipping-taxable","12":"purchasable","13":"product-type-simple"},"acf":[],"_links":{"self":[{"href":"https:\/\/gatorperu.com\/index.php\/wp-json\/wp\/v2\/product\/2926","targetHints":{"allow":["GET"]}}],"collection":[{"href":"https:\/\/gatorperu.com\/index.php\/wp-json\/wp\/v2\/product"}],"about":[{"href":"https:\/\/gatorperu.com\/index.php\/wp-json\/wp\/v2\/types\/product"}],"replies":[{"embeddable":true,"href":"https:\/\/gatorperu.com\/index.php\/wp-json\/wp\/v2\/comments?post=2926"}],"wp:featuredmedia":[{"embeddable":true,"href":"https:\/\/gatorperu.com\/index.php\/wp-json\/wp\/v2\/media\/5427"}],"wp:attachment":[{"href":"https:\/\/gatorperu.com\/index.php\/wp-json\/wp\/v2\/media?parent=2926"}],"wp:term":[{"taxonomy":"product_brand","embeddable":true,"href":"https:\/\/gatorperu.com\/index.php\/wp-json\/wp\/v2\/product_brand?post=2926"},{"taxonomy":"product_cat","embeddable":true,"href":"https:\/\/gatorperu.com\/index.php\/wp-json\/wp\/v2\/product_cat?post=2926"},{"taxonomy":"product_tag","embeddable":true,"href":"https:\/\/gatorperu.com\/index.php\/wp-json\/wp\/v2\/product_tag?post=2926"}],"curies":[{"name":"wp","href":"https:\/\/api.w.org\/{rel}","templated":true}]}}