{"id":2641,"date":"2016-03-17T09:00:51","date_gmt":"2016-03-17T09:00:51","guid":{"rendered":"https:\/\/electro.madrasthemes.com\/?post_type=product&#038;p=2641"},"modified":"2026-04-11T15:29:12","modified_gmt":"2026-04-11T15:29:12","slug":"sistema-para-talleres","status":"publish","type":"product","link":"https:\/\/gatorperu.com\/index.php\/product\/sistema-para-talleres\/","title":{"rendered":"Sistema para Talleres"},"content":{"rendered":"<p><img fetchpriority=\"high\" decoding=\"async\" class=\"alignnone wp-image-5443\" src=\"https:\/\/gatorperu.com\/wp-content\/uploads\/2016\/03\/67bc67d693157f369d9ec1ba_software-gestion-erp-talleres-mecanicos-1024x768.jpeg\" alt=\"\" width=\"831\" height=\"623\" srcset=\"https:\/\/gatorperu.com\/wp-content\/uploads\/2016\/03\/67bc67d693157f369d9ec1ba_software-gestion-erp-talleres-mecanicos-1024x768.jpeg 1024w, https:\/\/gatorperu.com\/wp-content\/uploads\/2016\/03\/67bc67d693157f369d9ec1ba_software-gestion-erp-talleres-mecanicos-300x225.jpeg 300w, https:\/\/gatorperu.com\/wp-content\/uploads\/2016\/03\/67bc67d693157f369d9ec1ba_software-gestion-erp-talleres-mecanicos-768x576.jpeg 768w, https:\/\/gatorperu.com\/wp-content\/uploads\/2016\/03\/67bc67d693157f369d9ec1ba_software-gestion-erp-talleres-mecanicos-600x450.jpeg 600w, https:\/\/gatorperu.com\/wp-content\/uploads\/2016\/03\/67bc67d693157f369d9ec1ba_software-gestion-erp-talleres-mecanicos.jpeg 1200w\" sizes=\"(max-width: 831px) 100vw, 831px\" \/><\/p>\n<div class=\"et_pb_main_blurb_image\"><\/div>\n<div class=\"et_pb_blurb_container\">\n<h3 class=\"et_pb_module_header\">Ordenes de servicio<\/h3>\n<div class=\"et_pb_blurb_description\">\n<p>Crea una orden personalizada, de aspecto profesional, con los datos de tu taller.<\/p>\n<\/div>\n<\/div>\n<h3 class=\"et_pb_module_header\">Cotizaciones<\/h3>\n<div class=\"et_pb_blurb_description\">\n<p>Crea presupuestos, gu\u00e1rdalos en PDF y env\u00edalos f\u00e1cilmente a tu cliente.<\/p>\n<h3 class=\"et_pb_module_header\">Punto de venta<\/h3>\n<div class=\"et_pb_blurb_description\">\n<p>Gesti\u00f3n completa del punto de venta, con manejo de inventario en tiempo real.<\/p>\n<h3 class=\"et_pb_module_header\">Calendario<\/h3>\n<div class=\"et_pb_blurb_description\">\n<p>Maneja hasta 8 calendarios independientes para uso de tus t\u00e9cnicos y especialistas.<\/p>\n<h3 class=\"et_pb_module_header\">Veh\u00edculos<\/h3>\n<div class=\"et_pb_blurb_description\">\n<p>Verifica cu\u00e1ntos veh\u00edculos hay en taller, el estado de sus reparaciones e historial.<\/p>\n<h3 class=\"et_pb_module_header\">Mantenciones<\/h3>\n<div class=\"et_pb_blurb_description\">\n<p>Registra las mantenciones, mant\u00e9n seguimiento de tus clientes f\u00e1cilmente.<\/p>\n<h3 class=\"et_pb_module_header\">Administraci\u00f3n<\/h3>\n<div class=\"et_pb_blurb_description\">\n<p>Manejo de ingresos, gastos, compras, inventario y de personal.<\/p>\n<div class=\"et_pb_blurb_container\">\n<h3 class=\"et_pb_module_header\">Personalizaci\u00f3n<\/h3>\n<div class=\"et_pb_blurb_description\">\n<p>Utiliza tu logo, informaci\u00f3n de tu empresa, y personaliza papeler\u00eda.\u00a0.<\/p>\n<div class=\"et_pb_column et_pb_column_1_4 et_pb_column_11 et_pb_css_mix_blend_mode_passthrough\">\n<div class=\"et_pb_module et_pb_blurb et_pb_blurb_9 et_pb_text_align_left et_pb_blurb_position_top et_pb_bg_layout_light\">\n<div class=\"et_pb_blurb_content\">\n<div class=\"et_pb_blurb_container\">\n<h3 class=\"et_pb_module_header\">Automotriz y Motos<\/h3>\n<div class=\"et_pb_blurb_description\">\n<div class=\"col-lg-3 col-md-3 col-sm-6 col-xs-12 wow fadeInDown\">\n<div class=\"thumbnail\">\n<div class=\"caption\">\n<p>Talleres de servicio, gr\u00faa, mantenimiento, lubricentros y vulcanizaci\u00f3n.<\/p>\n<\/div>\n<\/div>\n<\/div>\n<\/div>\n<\/div>\n<\/div>\n<\/div>\n<\/div>\n<div class=\"et_pb_column et_pb_column_1_4 et_pb_column_12 et_pb_css_mix_blend_mode_passthrough\">\n<div class=\"et_pb_module et_pb_blurb et_pb_blurb_10 et_pb_text_align_left et_pb_blurb_position_top et_pb_bg_layout_light\">\n<div class=\"et_pb_blurb_content\">\n<div class=\"et_pb_blurb_container\">\n<h3 class=\"et_pb_module_header\">Mec\u00e1nica<\/h3>\n<div class=\"et_pb_blurb_description\">\n<div class=\"col-lg-3 col-md-3 col-sm-6 col-xs-12 wow fadeInDown\" data-wow-delay=\"0.1s\">\n<div class=\"thumbnail\">\n<div class=\"caption\">\n<p>Talleres de reparaci\u00f3n de frenos, transmisi\u00f3n, motores y mec\u00e1nica de todo tipo.<\/p>\n<\/div>\n<\/div>\n<\/div>\n<\/div>\n<\/div>\n<\/div>\n<\/div>\n<\/div>\n<div class=\"et_pb_column et_pb_column_1_4 et_pb_column_13 et_pb_css_mix_blend_mode_passthrough\">\n<div class=\"et_pb_module et_pb_blurb et_pb_blurb_11 et_pb_text_align_left et_pb_blurb_position_top et_pb_bg_layout_light\">\n<div class=\"et_pb_blurb_content\">\n<div class=\"et_pb_blurb_container\">\n<h3 class=\"et_pb_module_header\">Desabolladura<\/h3>\n<div class=\"et_pb_blurb_description\">\n<div class=\"col-lg-3 col-md-3 col-sm-6 col-xs-12 wow fadeInDown\" data-wow-delay=\"0.2s\">\n<div class=\"thumbnail\">\n<div class=\"caption\">\n<p>Talleres de desabolladura, chapa, pintura y reparaciones de colisiones.<\/p>\n<\/div>\n<\/div>\n<\/div>\n<div class=\"col-lg-3 col-md-3 col-sm-6 col-xs-12 wow fadeInDown\" data-wow-delay=\"0.3s\">\n<div class=\"thumbnail\"><\/div>\n<\/div>\n<\/div>\n<\/div>\n<\/div>\n<\/div>\n<\/div>\n<div class=\"et_pb_column et_pb_column_1_4 et_pb_column_14 et_pb_css_mix_blend_mode_passthrough et-last-child\">\n<div class=\"et_pb_module et_pb_blurb et_pb_blurb_12 et_pb_text_align_left et_pb_blurb_position_top et_pb_bg_layout_light\">\n<div class=\"et_pb_blurb_content\">\n<div class=\"et_pb_blurb_container\">\n<h3 class=\"et_pb_module_header\">Partes y repuestos<\/h3>\n<div class=\"et_pb_blurb_description\">\n<p>Talleres que venden partes, repuestos, componentes y accesorios de veh\u00edculos.<\/p>\n<\/div>\n<\/div>\n<\/div>\n<\/div>\n<\/div>\n<\/div>\n<\/div>\n<\/div>\n<\/div>\n<\/div>\n<\/div>\n<\/div>\n<\/div>\n<p><img decoding=\"async\" class=\"alignnone size-full wp-image-5445\" src=\"https:\/\/gatorperu.com\/wp-content\/uploads\/2016\/03\/taller.jpeg\" alt=\"\" width=\"191\" height=\"265\" \/><\/p>\n","protected":false},"excerpt":{"rendered":"<ul>\n<li class=\"bi bi-check\">Comprobantes Ilimitados<\/li>\n<li class=\"bi bi-check\">Usuarios Ilimitados<\/li>\n<li class=\"bi bi-check\">Establecimientos Ilimitados<\/li>\n<li class=\"bi bi-check\">Facturaci\u00f3n, boletas Electr\u00f3nicas.<\/li>\n<li class=\"bi bi-check\">Sistema de ventas , compras<\/li>\n<li class=\"bi bi-check\">Punto de Venta<\/li>\n<li class=\"bi bi-check\">Inventarios<\/li>\n<li class=\"bi bi-check\">Tienda Virtual<\/li>\n<li class=\"bi bi-check\">Sistema Contable y Finanzas<\/li>\n<li class=\"bi bi-check\">Reportes personalizados<\/li>\n<li class=\"bi bi-check\">M\u00f3dulos adicionales seg\u00fan tu rubro de negocio.<\/li>\n<li>APP incluido para cada usuario<\/li>\n<li>Pago Mensual<\/li>\n<\/ul>\n","protected":false},"featured_media":5443,"comment_status":"open","ping_status":"closed","template":"","meta":{"_acf_changed":false,"content-type":""},"product_brand":[],"product_cat":[228],"product_tag":[],"class_list":{"0":"post-2641","1":"product","2":"type-product","3":"status-publish","4":"has-post-thumbnail","6":"product_cat-talleres","8":"first","9":"instock","10":"shipping-taxable","11":"purchasable","12":"product-type-simple"},"acf":[],"_links":{"self":[{"href":"https:\/\/gatorperu.com\/index.php\/wp-json\/wp\/v2\/product\/2641","targetHints":{"allow":["GET"]}}],"collection":[{"href":"https:\/\/gatorperu.com\/index.php\/wp-json\/wp\/v2\/product"}],"about":[{"href":"https:\/\/gatorperu.com\/index.php\/wp-json\/wp\/v2\/types\/product"}],"replies":[{"embeddable":true,"href":"https:\/\/gatorperu.com\/index.php\/wp-json\/wp\/v2\/comments?post=2641"}],"wp:featuredmedia":[{"embeddable":true,"href":"https:\/\/gatorperu.com\/index.php\/wp-json\/wp\/v2\/media\/5443"}],"wp:attachment":[{"href":"https:\/\/gatorperu.com\/index.php\/wp-json\/wp\/v2\/media?parent=2641"}],"wp:term":[{"taxonomy":"product_brand","embeddable":true,"href":"https:\/\/gatorperu.com\/index.php\/wp-json\/wp\/v2\/product_brand?post=2641"},{"taxonomy":"product_cat","embeddable":true,"href":"https:\/\/gatorperu.com\/index.php\/wp-json\/wp\/v2\/product_cat?post=2641"},{"taxonomy":"product_tag","embeddable":true,"href":"https:\/\/gatorperu.com\/index.php\/wp-json\/wp\/v2\/product_tag?post=2641"}],"curies":[{"name":"wp","href":"https:\/\/api.w.org\/{rel}","templated":true}]}}