{"id":2621,"date":"2016-03-17T08:23:20","date_gmt":"2016-03-17T08:23:20","guid":{"rendered":"https:\/\/electro.madrasthemes.com\/?post_type=product&#038;p=2621"},"modified":"2026-04-11T00:47:27","modified_gmt":"2026-04-11T00:47:27","slug":"sistema-para-colegios","status":"publish","type":"product","link":"https:\/\/gatorperu.com\/index.php\/product\/sistema-para-colegios\/","title":{"rendered":"Sistema para Colegios"},"content":{"rendered":"<p><img fetchpriority=\"high\" decoding=\"async\" class=\"alignnone size-large wp-image-5439\" src=\"https:\/\/gatorperu.com\/wp-content\/uploads\/2016\/03\/sistema-colegio-gator-1024x576.jpg\" alt=\"\" width=\"1024\" height=\"576\" srcset=\"https:\/\/gatorperu.com\/wp-content\/uploads\/2016\/03\/sistema-colegio-gator-1024x576.jpg 1024w, https:\/\/gatorperu.com\/wp-content\/uploads\/2016\/03\/sistema-colegio-gator-300x169.jpg 300w, https:\/\/gatorperu.com\/wp-content\/uploads\/2016\/03\/sistema-colegio-gator-768x432.jpg 768w, https:\/\/gatorperu.com\/wp-content\/uploads\/2016\/03\/sistema-colegio-gator-600x338.jpg 600w, https:\/\/gatorperu.com\/wp-content\/uploads\/2016\/03\/sistema-colegio-gator.jpg 1280w\" sizes=\"(max-width: 1024px) 100vw, 1024px\" \/><\/p>\n<p>Gator Scool : La soluci\u00f3n integral para la gesti\u00f3n acad\u00e9mica de tu instituci\u00f3n educativa en Per\u00fa. Nuestro software de control escolar est\u00e1 dise\u00f1ado para optimizar todos los procesos de colegios y entidades educativas, ahorrando tiempo y mejorando la eficiencia en cada tarea. Con Gator Scool , tanto alumnos, apoderados como el personal administrativo, directores, profesores y tutores, podr\u00e1n acceder f\u00e1cilmente a una plataforma integrada que facilita la gesti\u00f3n diaria.<\/p>\n<p>Beneficios de Gator Scool: \u2022 Sistema Intranet : Comunicaci\u00f3n fluida entre alumnos, apoderados y la instituci\u00f3n. \u2022 Multiplataforma : Accesible desde cualquier dispositivo (celular, tablet o computadora). \u2022 Gesti\u00f3n eficiente : Reducci\u00f3n significativa en el tiempo de ejecuci\u00f3n de tareas administrativas y acad\u00e9micas.<\/p>\n<p>&nbsp;<\/p>\n<p><img decoding=\"async\" class=\"alignnone wp-image-5440\" src=\"https:\/\/gatorperu.com\/wp-content\/uploads\/2016\/03\/software-colegio_gatorpeu.jpeg\" alt=\"\" width=\"258\" height=\"322\" \/><\/p>\n<p>\u00a1Mejora la productividad de tu colegio con Gator Scool y transforma la forma en que gestionas tu instituci\u00f3n educativa!<\/p>\n<p>ADMINISTRACI\u00d3N ACAD\u00c9MICA:<\/p>\n<p>\u2022 Emite Facturaci\u00f3n Electr\u00f3nica y Boleta.<\/p>\n<p>\u2022 Matr\u00edculas y Pago de Pensiones por el BANCO con C\u00f3digo de Alumno.<\/p>\n<p>\u2022 Ex\u00e1menes de Becas Mensuales, Semanales, Diarios.<\/p>\n<p>\u2022 Apertura de Aulas, Cursos y Periodos de forma Pr\u00e1ctica y Sencilla.<\/p>\n<p>\u2022 Creaci\u00f3n de Simulacros y Bloques por Cursos y Grados.<\/p>\n<p>\u2022 Impresi\u00f3n de Boletas de Notas con el logo del Colegio.<\/p>\n<p>\u2022 Reportes acad\u00e9micos detallados por Mes, Diario, Etc. Exportable a cualquier formato.<\/p>\n<p>\u2022 Configuraci\u00f3n de usuarios seg\u00fan su perfil.<\/p>\n<p>\u2022 Totalmente configurable los Sistemas de Evaluaci\u00f3n.<\/p>\n<p>\u2022 Control de Asistencia de forma R\u00e1pida.<\/p>\n<p>\u2022 Control adecuado de la Caja. \u2022 Sistema Integrado con Gator Scool<\/p>\n<p>&nbsp;<\/p>\n<p><img decoding=\"async\" class=\"size-large wp-image-5441\" src=\"https:\/\/gatorperu.com\/wp-content\/uploads\/2016\/03\/Colegio_Rosa_de_Santa_Maria_patio_2017-1024x575.jpg\" alt=\"\" width=\"1024\" height=\"575\" srcset=\"https:\/\/gatorperu.com\/wp-content\/uploads\/2016\/03\/Colegio_Rosa_de_Santa_Maria_patio_2017-1024x575.jpg 1024w, https:\/\/gatorperu.com\/wp-content\/uploads\/2016\/03\/Colegio_Rosa_de_Santa_Maria_patio_2017-300x168.jpg 300w, https:\/\/gatorperu.com\/wp-content\/uploads\/2016\/03\/Colegio_Rosa_de_Santa_Maria_patio_2017-768x431.jpg 768w, https:\/\/gatorperu.com\/wp-content\/uploads\/2016\/03\/Colegio_Rosa_de_Santa_Maria_patio_2017-1536x863.jpg 1536w, https:\/\/gatorperu.com\/wp-content\/uploads\/2016\/03\/Colegio_Rosa_de_Santa_Maria_patio_2017-2048x1150.jpg 2048w, https:\/\/gatorperu.com\/wp-content\/uploads\/2016\/03\/Colegio_Rosa_de_Santa_Maria_patio_2017-600x337.jpg 600w\" sizes=\"(max-width: 1024px) 100vw, 1024px\" \/><\/p>\n<p>M\u00d3DULO DE TESORER\u00cdA<\/p>\n<p>\u2022 Registro de Ingresos y Egresos<\/p>\n<p>\u2022 Control de Caja<\/p>\n<p>\u2022 Reporte de Caja Chica<\/p>\n<p>\u2022 Reporte detallado de Caja<\/p>\n<p>DOCENTE:<\/p>\n<p>\u2022 Registro de Notas<\/p>\n<p>\u2022 Control de Asistencia.<\/p>\n<p>ALUMNO Y\/O PADRE DE FAMILIA<\/p>\n<p>\u2022 Acceso al Intranet<\/p>\n<p>\u2022 Acceso a las notas en linea las 24 horas<\/p>\n<p>\u2022 Ver pagos a cuenta y Cancelados de cada Pensi\u00f3n Mensual<\/p>\n<p>VENTAJAS DE TRABAJAR CON Gator Scool:<\/p>\n<p>\u2022 Actualizaciones del software por agregados de m\u00f3dulos nuevos o por cambios seg\u00fan el Ministerio de Educaci\u00f3n GRATIS.<\/p>\n<p>\u2022 Capacitaci\u00f3n Constante.<\/p>\n<p>\u2022 El colegio NO necesita adquirir ni instalar programas especiales en sus computadoras. Tampoco requiere de inversi\u00f3n alguna en infraestructura tecnol\u00f3gica (servidores, Ups, Gabinetes, etc).<\/p>\n<p>\u2022 Disponibilidad del software permanente.<\/p>\n<p>\u2022 Adaptable para el acceso desde computadoras, Smartphone y tables.<\/p>\n<p>\u2022 Soporte Continuo.<\/p>\n","protected":false},"excerpt":{"rendered":"<ul>\n<li class=\"bi bi-check\">Comprobantes Ilimitados<\/li>\n<li class=\"bi bi-check\">Usuarios Ilimitados<\/li>\n<li class=\"bi bi-check\">Establecimientos Ilimitados<\/li>\n<li class=\"bi bi-check\">Facturaci\u00f3n, boletas Electr\u00f3nicas.<\/li>\n<li class=\"bi bi-check\">Sistema de ventas , compras<\/li>\n<li class=\"bi bi-check\">Punto de Venta<\/li>\n<li class=\"bi bi-check\">Inventarios<\/li>\n<li class=\"bi bi-check\">Tienda Virtual<\/li>\n<li class=\"bi bi-check\">Sistema Contable y Finanzas<\/li>\n<li class=\"bi bi-check\">Reportes personalizados<\/li>\n<li class=\"bi bi-check\">M\u00f3dulos adicionales seg\u00fan tu rubro de negocio.<\/li>\n<li>APP incluido para cada usuario<\/li>\n<\/ul>\n","protected":false},"featured_media":5441,"comment_status":"open","ping_status":"closed","template":"","meta":{"_acf_changed":false,"content-type":""},"product_brand":[],"product_cat":[187],"product_tag":[],"class_list":{"0":"post-2621","1":"product","2":"type-product","3":"status-publish","4":"has-post-thumbnail","6":"product_cat-colegios","8":"first","9":"outofstock","10":"featured","11":"shipping-taxable","12":"purchasable","13":"product-type-simple"},"acf":[],"_links":{"self":[{"href":"https:\/\/gatorperu.com\/index.php\/wp-json\/wp\/v2\/product\/2621","targetHints":{"allow":["GET"]}}],"collection":[{"href":"https:\/\/gatorperu.com\/index.php\/wp-json\/wp\/v2\/product"}],"about":[{"href":"https:\/\/gatorperu.com\/index.php\/wp-json\/wp\/v2\/types\/product"}],"replies":[{"embeddable":true,"href":"https:\/\/gatorperu.com\/index.php\/wp-json\/wp\/v2\/comments?post=2621"}],"wp:featuredmedia":[{"embeddable":true,"href":"https:\/\/gatorperu.com\/index.php\/wp-json\/wp\/v2\/media\/5441"}],"wp:attachment":[{"href":"https:\/\/gatorperu.com\/index.php\/wp-json\/wp\/v2\/media?parent=2621"}],"wp:term":[{"taxonomy":"product_brand","embeddable":true,"href":"https:\/\/gatorperu.com\/index.php\/wp-json\/wp\/v2\/product_brand?post=2621"},{"taxonomy":"product_cat","embeddable":true,"href":"https:\/\/gatorperu.com\/index.php\/wp-json\/wp\/v2\/product_cat?post=2621"},{"taxonomy":"product_tag","embeddable":true,"href":"https:\/\/gatorperu.com\/index.php\/wp-json\/wp\/v2\/product_tag?post=2621"}],"curies":[{"name":"wp","href":"https:\/\/api.w.org\/{rel}","templated":true}]}}