{"id":2619,"date":"2016-03-17T08:22:12","date_gmt":"2016-03-17T08:22:12","guid":{"rendered":"https:\/\/electro.madrasthemes.com\/?post_type=product&#038;p=2619"},"modified":"2026-04-17T13:01:56","modified_gmt":"2026-04-17T13:01:56","slug":"sistema-para-peluqueria-spa","status":"publish","type":"product","link":"https:\/\/gatorperu.com\/index.php\/product\/sistema-para-peluqueria-spa\/","title":{"rendered":"Sistema para Peluqueria &#038; Spa"},"content":{"rendered":"<p><img fetchpriority=\"high\" decoding=\"async\" class=\"alignnone size-full wp-image-5472\" src=\"https:\/\/gatorperu.com\/wp-content\/uploads\/2016\/03\/tomyko-salon.jpg\" alt=\"\" width=\"900\" height=\"500\" srcset=\"https:\/\/gatorperu.com\/wp-content\/uploads\/2016\/03\/tomyko-salon.jpg 900w, https:\/\/gatorperu.com\/wp-content\/uploads\/2016\/03\/tomyko-salon-300x167.jpg 300w, https:\/\/gatorperu.com\/wp-content\/uploads\/2016\/03\/tomyko-salon-768x427.jpg 768w, https:\/\/gatorperu.com\/wp-content\/uploads\/2016\/03\/tomyko-salon-600x333.jpg 600w\" sizes=\"(max-width: 900px) 100vw, 900px\" \/><\/p>\n<div class=\"Y3BBE\" data-sfc-cp=\"\" data-sfc-root=\"c\" data-sfc-cb=\"\" data-hveid=\"CAMQAA\" data-processed=\"true\"><strong class=\"Yjhzub\" data-sfc-root=\"c\" data-sfc-cb=\"\">Principales Funcionalidades del\u00a0 Sistema de Peluquer\u00eda:<\/strong><\/div>\n<ul class=\"KsbFXc U6u95\" data-sfc-root=\"c\" data-sfc-cb=\"\" data-processed=\"true\">\n<li class=\"dF3vjf\" data-sfc-root=\"c\" data-sfc-cb=\"\" data-hveid=\"CAQQAA\"><span class=\"T286Pc\" data-sfc-cp=\"\" data-sfc-root=\"c\" data-sfc-cb=\"\"><strong class=\"Yjhzub\" data-sfc-root=\"c\" data-sfc-cb=\"\">Gesti\u00f3n de Agenda Online:<\/strong>\u00a0Permite a los clientes reservar citas 24\/7 a trav\u00e9s de redes sociales, sitios web o apps, reduciendo el ausentismo mediante recordatorios autom\u00e1ticos.<\/span><\/li>\n<li class=\"dF3vjf\" data-sfc-root=\"c\" data-sfc-cb=\"\" data-hveid=\"CAQQAQ\"><span class=\"T286Pc\" data-sfc-cp=\"\" data-sfc-root=\"c\" data-sfc-cb=\"\"><strong class=\"Yjhzub\" data-sfc-root=\"c\" data-sfc-cb=\"\">Gator (Terminal Punto de Venta):<\/strong>\u00a0Control de caja r\u00e1pida, cobros digitales (tarjeta, QR, Bizum) y emisi\u00f3n de tickets.<\/span><\/li>\n<li class=\"dF3vjf\" data-sfc-root=\"c\" data-sfc-cb=\"\" data-hveid=\"CAQQAg\"><span class=\"T286Pc\" data-sfc-cp=\"\" data-sfc-root=\"c\" data-sfc-cb=\"\"><strong class=\"Yjhzub\" data-sfc-root=\"c\" data-sfc-cb=\"\">Gesti\u00f3n de Clientes (CRM):<\/strong>\u00a0Historial detallado de servicios y productos comprados para una atenci\u00f3n personalizada.<\/span><\/li>\n<li class=\"dF3vjf\" data-sfc-root=\"c\" data-sfc-cb=\"\" data-hveid=\"CAQQAw\"><span class=\"T286Pc\" data-sfc-cp=\"\" data-sfc-root=\"c\" data-sfc-cb=\"\"><strong class=\"Yjhzub\" data-sfc-root=\"c\" data-sfc-cb=\"\">Control de Inventario:<\/strong>\u00a0Monitoreo autom\u00e1tico de productos, alertas de stock bajo y gesti\u00f3n de pedidos a proveedores.<\/span><\/li>\n<li class=\"dF3vjf\" data-sfc-root=\"c\" data-sfc-cb=\"\" data-hveid=\"CAQQBA\"><span class=\"T286Pc\" data-sfc-cp=\"\" data-sfc-root=\"c\" data-sfc-cb=\"\"><strong class=\"Yjhzub\" data-sfc-root=\"c\" data-sfc-cb=\"\">Gesti\u00f3n de Personal:<\/strong>\u00a0C\u00e1lculo autom\u00e1tico de comisiones, turnos de trabajo y productividad de cada peluquero.<\/span><\/li>\n<li class=\"dF3vjf\" data-sfc-root=\"c\" data-sfc-cb=\"\" data-hveid=\"CAQQBQ\"><span class=\"T286Pc\" data-sfc-cp=\"\" data-sfc-root=\"c\" data-sfc-cb=\"\"><strong class=\"Yjhzub\" data-sfc-root=\"c\" data-sfc-cb=\"\">Informes y M\u00e9tricas:<\/strong>\u00a0Reportes de ventas, utilidades y rendimiento del negocio en tiempo real.<\/span><\/li>\n<\/ul>\n<p><img decoding=\"async\" class=\"alignnone size-full wp-image-5473\" src=\"https:\/\/gatorperu.com\/wp-content\/uploads\/2016\/03\/motivos4.jpg\" alt=\"\" width=\"823\" height=\"478\" srcset=\"https:\/\/gatorperu.com\/wp-content\/uploads\/2016\/03\/motivos4.jpg 823w, https:\/\/gatorperu.com\/wp-content\/uploads\/2016\/03\/motivos4-300x174.jpg 300w, https:\/\/gatorperu.com\/wp-content\/uploads\/2016\/03\/motivos4-768x446.jpg 768w, https:\/\/gatorperu.com\/wp-content\/uploads\/2016\/03\/motivos4-600x348.jpg 600w\" sizes=\"(max-width: 823px) 100vw, 823px\" \/><\/p>\n<h2>Servicios<\/h2>\n<h3>Todo lo que necesitas junto a tu nuevo software de gesti\u00f3n<\/h3>\n<div class=\"flex_column av_one_full first avia-builder-el-67 el_after_av_one_third column-top-margin\">\n<section class=\"av_textblock_section\">\n<div class=\"avia_textblock \">\n<h3><a style=\"font-size: 16px;\" href=\"#\">Configuraci\u00f3n<\/a><\/h3>\n<\/div>\n<\/section>\n<\/div>\n<div class=\"flex_column av_one_third first avia-builder-el-69 el_after_av_one_full column-top-margin\">\n<article class=\"iconbox iconbox_top main_color avia-builder-el-70 avia-builder-el-no-sibling \">\n<div class=\"iconbox_content\">\n<div class=\"iconbox_content_container\">\n<p><a href=\"#\">Nosotros nos encargamos de configurar, ingresar todos tus datos en tu nuevo sistema.<\/a><\/p>\n<\/div>\n<\/div>\n<footer class=\"entry-footer\"><\/footer>\n<\/article>\n<\/div>\n<div class=\"flex_column av_one_third avia-builder-el-71 el_after_av_one_third column-top-margin\">\n<article class=\"iconbox iconbox_top main_color avia-builder-el-72 avia-builder-el-no-sibling \">\n<div class=\"iconbox_content\">\n<header class=\"entry-content-header\">\n<div class=\"iconbox_icon heading-color\" aria-hidden=\"true\" data-av_icon=\"\ue8c9\" data-av_iconfont=\"entypo-fontello\"><\/div>\n<h3 class=\"iconbox_content_title\"><a href=\"#\">Formaci\u00f3n<\/a><\/h3>\n<\/header>\n<div class=\"iconbox_content_container\">\n<p><a href=\"#\">Tu inversi\u00f3n en Gator Peru viene acompa\u00f1ada de la mejor formaci\u00f3n del mercado.<\/a><\/p>\n<\/div>\n<\/div>\n<footer class=\"entry-footer\"><\/footer>\n<\/article>\n<\/div>\n<div class=\"flex_column av_one_third avia-builder-el-73 el_after_av_one_third column-top-margin\">\n<article class=\"iconbox iconbox_top main_color avia-builder-el-74 avia-builder-el-no-sibling \">\n<div class=\"iconbox_content\">\n<header class=\"entry-content-header\">\n<div class=\"iconbox_icon heading-color\" aria-hidden=\"true\" data-av_icon=\"\ue854\" data-av_iconfont=\"entypo-fontello\"><\/div>\n<h3 class=\"iconbox_content_title\"><a href=\"#\">Asistencia<\/a><\/h3>\n<\/header>\n<div class=\"iconbox_content_container\">\n<p><a href=\"#\">15\u00a0 personas dedicadas exclusivamente al cuidado de nuestros clientes.<\/a><\/p>\n<\/div>\n<\/div>\n<footer class=\"entry-footer\"><\/footer>\n<\/article>\n<\/div>\n<div class=\"flex_column av_one_third first avia-builder-el-75 el_after_av_one_third column-top-margin\">\n<article class=\"iconbox iconbox_top main_color avia-builder-el-76 avia-builder-el-no-sibling \">\n<div class=\"iconbox_content\">\n<header class=\"entry-content-header\">\n<div class=\"iconbox_icon heading-color\" aria-hidden=\"true\" data-av_icon=\"\ue80b\" data-av_iconfont=\"entypo-fontello\"><\/div>\n<h3 class=\"iconbox_content_title\"><a href=\"#\">Consultor\u00eda<\/a><\/h3>\n<\/header>\n<div class=\"iconbox_content_container\">\n<p><a href=\"#\">Ofrecemos servicio personalizado de consultor\u00eda de negocio bajo presupuesto.<\/a><\/p>\n<\/div>\n<\/div>\n<footer class=\"entry-footer\"><\/footer>\n<\/article>\n<\/div>\n<div class=\"flex_column av_one_third avia-builder-el-77 el_after_av_one_third column-top-margin\">\n<article class=\"iconbox iconbox_top main_color avia-builder-el-78 avia-builder-el-no-sibling \">\n<div class=\"iconbox_content\">\n<header class=\"entry-content-header\">\n<div class=\"iconbox_icon heading-color\" aria-hidden=\"true\" data-av_icon=\"\ue8c7\" data-av_iconfont=\"entypo-fontello\"><\/div>\n<h3 class=\"iconbox_content_title\"><a href=\"#\">Departamento de Evoluci\u00f3n de Negocios<\/a><\/h3>\n<\/header>\n<div class=\"iconbox_content_container\">\n<p><a href=\"#\">Creado con la finalidad de maximizar el rendimiento de su negocio aprovechando todas las posibilidades que ofrece<\/a><\/p>\n<p>&nbsp;<\/p>\n<\/div>\n<\/div>\n<\/article>\n<\/div>\n","protected":false},"excerpt":{"rendered":"<ul>\n<li class=\"bi bi-check\">Comprobantes Ilimitados<\/li>\n<li class=\"bi bi-check\">Usuarios Ilimitados<\/li>\n<li class=\"bi bi-check\">Establecimientos Ilimitados<\/li>\n<li class=\"bi bi-check\">Facturaci\u00f3n, boletas Electr\u00f3nicas.<\/li>\n<li class=\"bi bi-check\">Sistema de ventas , compras<\/li>\n<li class=\"bi bi-check\">Punto de Venta<\/li>\n<li class=\"bi bi-check\">Inventarios<\/li>\n<li class=\"bi bi-check\">Tienda Virtual<\/li>\n<li class=\"bi bi-check\">Sistema Contable y Finanzas<\/li>\n<li class=\"bi bi-check\">Reportes personalizados<\/li>\n<li class=\"bi bi-check\">M\u00f3dulos adicionales seg\u00fan tu rubro de negocio.<\/li>\n<li>APP incluido para cada usuario<\/li>\n<\/ul>\n","protected":false},"featured_media":5472,"comment_status":"open","ping_status":"closed","template":"","meta":{"_acf_changed":false,"content-type":""},"product_brand":[],"product_cat":[162,234,114],"product_tag":[],"class_list":{"0":"post-2619","1":"product","2":"type-product","3":"status-publish","4":"has-post-thumbnail","6":"product_cat-computer-cases","7":"product_cat-peluqueria-spa","8":"product_cat-servers","10":"first","11":"instock","12":"shipping-taxable","13":"purchasable","14":"product-type-simple"},"acf":[],"_links":{"self":[{"href":"https:\/\/gatorperu.com\/index.php\/wp-json\/wp\/v2\/product\/2619","targetHints":{"allow":["GET"]}}],"collection":[{"href":"https:\/\/gatorperu.com\/index.php\/wp-json\/wp\/v2\/product"}],"about":[{"href":"https:\/\/gatorperu.com\/index.php\/wp-json\/wp\/v2\/types\/product"}],"replies":[{"embeddable":true,"href":"https:\/\/gatorperu.com\/index.php\/wp-json\/wp\/v2\/comments?post=2619"}],"wp:featuredmedia":[{"embeddable":true,"href":"https:\/\/gatorperu.com\/index.php\/wp-json\/wp\/v2\/media\/5472"}],"wp:attachment":[{"href":"https:\/\/gatorperu.com\/index.php\/wp-json\/wp\/v2\/media?parent=2619"}],"wp:term":[{"taxonomy":"product_brand","embeddable":true,"href":"https:\/\/gatorperu.com\/index.php\/wp-json\/wp\/v2\/product_brand?post=2619"},{"taxonomy":"product_cat","embeddable":true,"href":"https:\/\/gatorperu.com\/index.php\/wp-json\/wp\/v2\/product_cat?post=2619"},{"taxonomy":"product_tag","embeddable":true,"href":"https:\/\/gatorperu.com\/index.php\/wp-json\/wp\/v2\/product_tag?post=2619"}],"curies":[{"name":"wp","href":"https:\/\/api.w.org\/{rel}","templated":true}]}}