{"id":2613,"date":"2016-04-11T08:11:38","date_gmt":"2016-04-11T08:11:38","guid":{"rendered":"https:\/\/electro.madrasthemes.com\/?post_type=product&#038;p=2613"},"modified":"2026-04-11T23:26:07","modified_gmt":"2026-04-11T23:26:07","slug":"sistema-para-transporte","status":"publish","type":"product","link":"https:\/\/gatorperu.com\/index.php\/product\/sistema-para-transporte\/","title":{"rendered":"Sistema para transporte"},"content":{"rendered":"<p><img fetchpriority=\"high\" decoding=\"async\" class=\"alignnone size-large wp-image-5452\" src=\"https:\/\/gatorperu.com\/wp-content\/uploads\/2016\/03\/gestion-transporte-1024x426.jpg\" alt=\"\" width=\"1024\" height=\"426\" srcset=\"https:\/\/gatorperu.com\/wp-content\/uploads\/2016\/03\/gestion-transporte-1024x426.jpg 1024w, https:\/\/gatorperu.com\/wp-content\/uploads\/2016\/03\/gestion-transporte-300x125.jpg 300w, https:\/\/gatorperu.com\/wp-content\/uploads\/2016\/03\/gestion-transporte-768x319.jpg 768w, https:\/\/gatorperu.com\/wp-content\/uploads\/2016\/03\/gestion-transporte-1536x638.jpg 1536w, https:\/\/gatorperu.com\/wp-content\/uploads\/2016\/03\/gestion-transporte-600x249.jpg 600w, https:\/\/gatorperu.com\/wp-content\/uploads\/2016\/03\/gestion-transporte.jpg 1588w\" sizes=\"(max-width: 1024px) 100vw, 1024px\" \/><\/p>\n<h2 class=\"w-full text-start font-graphik500 text-[32px] leading-[40px] my-3 text-principalText\">Por qu\u00e9 necesitas un software para el transporte y la distribuci\u00f3n<\/h2>\n<p class=\"font-graphik text-[18px] leading-[24px] lg:leading-[28px] w-full text-start text-lightSlateBlue\">Hay muchas razones por las que una empresa puede beneficiarse del uso de software de transporte y distribuci\u00f3n.<\/p>\n<p class=\"font-graphik text-[18px] leading-[24px] lg:leading-[28px] w-full text-start text-lightSlateBlue\">Estas son algunas de las ventajas m\u00e1s comunes:<\/p>\n<ul class=\"w-full flex flex-col justify-start gap-2\">\n<li class=\"flex font-graphik text-[18px] leading-[24px] lg:leading-[28px] text-lightSlateBlue gap-1.5 justify-start items-start ml-4\"><strong class=\"font-bold\">Eficiencia<\/strong>: El software de transporte y distribuci\u00f3n puede ayudarte a automatizar tareas manuales, lo que libera a tu equipo para que se concentre en tareas m\u00e1s estrat\u00e9gicas.<\/li>\n<li class=\"flex font-graphik text-[18px] leading-[24px] lg:leading-[28px] text-lightSlateBlue gap-1.5 justify-start items-start ml-4\"><strong class=\"font-bold\">Reducci\u00f3n de costos<\/strong>: El software de transporte y distribuci\u00f3n puede ayudarte a reducir los costos de transporte, mejorando la eficiencia y optimizando las rutas.<\/li>\n<li class=\"flex font-graphik text-[18px] leading-[24px] lg:leading-[28px] text-lightSlateBlue gap-1.5 justify-start items-start ml-4\"><strong class=\"font-bold\">Mejora de la satisfacci\u00f3n del cliente<\/strong>: El software de transporte y distribuci\u00f3n puede ayudarte a mejorar la satisfacci\u00f3n del cliente, proporcionando actualizaciones en tiempo real sobre el estado de los env\u00edos.<\/li>\n<\/ul>\n<h2 class=\"w-full text-start font-graphik500 text-[32px] leading-[40px] my-3 text-principalText\">Preguntas frecuentes<\/h2>\n<h3 class=\"my-3 w-full text-start font-graphik500 text-[28px] leading-[32px] text-principalText \">\u00bfEl software de transporte y distribuci\u00f3n es adecuado para cualquier tama\u00f1o de empresa?<\/h3>\n<p class=\"font-graphik text-[18px] leading-[24px] lg:leading-[28px] w-full text-start text-lightSlateBlue\">Estos softwares est\u00e1n dise\u00f1ados para adaptarse a empresas de todos los tama\u00f1os, desde peque\u00f1as hasta grandes corporaciones, ajustando sus funcionalidades seg\u00fan las necesidades espec\u00edficas.<\/p>\n<h3 class=\"my-3 w-full text-start font-graphik500 text-[28px] leading-[32px] text-principalText \">\u00bfPuedo rastrear los env\u00edos en tiempo real con este tipo de software?<\/h3>\n<p class=\"font-graphik text-[18px] leading-[24px] lg:leading-[28px] w-full text-start text-lightSlateBlue\">Algunos de los softwares de transporte y distribuci\u00f3n, c\u00f3mo<strong class=\"font-bold\">\u00a0SimpliRoute<\/strong>, ofrecen capacidades de seguimiento en tiempo real, permitiendo una mayor visibilidad y control sobre las operaciones de entrega.<\/p>\n<h3 class=\"my-3 w-full text-start font-graphik500 text-[28px] leading-[32px] text-principalText \">\u00bfEs complicado implementar este tipo de software en mi empresa?<\/h3>\n<p class=\"font-graphik text-[18px] leading-[24px] lg:leading-[28px] w-full text-start text-lightSlateBlue\">La complejidad de la implementaci\u00f3n var\u00eda, pero muchos proveedores ofrecen asistencia detallada y capacitaci\u00f3n para garantizar una transici\u00f3n fluida y una r\u00e1pida adaptaci\u00f3n del personal.<\/p>\n<h3 class=\"my-3 w-full text-start font-graphik500 text-[28px] leading-[32px] text-principalText \">\u00bfC\u00f3mo ayuda el software de transporte a reducir los costos operativos?<\/h3>\n<p class=\"font-graphik text-[18px] leading-[24px] lg:leading-[28px] w-full text-start text-lightSlateBlue\">Este software optimiza las rutas de entrega y mejora la eficiencia del combustible, reduce los tiempos de entrega y minimiza el tiempo de inactividad, lo que en conjunto puede llevar a una reducci\u00f3n significativa de los costos operativos.<\/p>\n<h3 class=\"my-3 w-full text-start font-graphik500 text-[28px] leading-[32px] text-principalText \">\u00bfQu\u00e9 tipo de an\u00e1lisis de datos ofrece el software de transporte y distribuci\u00f3n?<\/h3>\n<p class=\"font-graphik text-[18px] leading-[24px] lg:leading-[28px] w-full text-start text-lightSlateBlue\">Estos sistemas suelen ofrecer an\u00e1lisis detallados que incluyen m\u00e9tricas de rendimiento de la flota, eficiencia de las rutas, tiempos de entrega y satisfacci\u00f3n del cliente, ayudando a tomar decisiones m\u00e1s informadas.<\/p>\n<h2 class=\"w-full text-start font-graphik500 text-[32px] leading-[40px] my-3 text-principalText\">Innovaci\u00f3n en log\u00edstica con SimpliRoute<\/h2>\n<p class=\"font-graphik text-[18px] leading-[24px] lg:leading-[28px] w-full text-start text-lightSlateBlue\">Descubre SimpliRoute, la soluci\u00f3n inteligente que transforma la log\u00edstica de tu empresa.<\/p>\n<p class=\"font-graphik text-[18px] leading-[24px] lg:leading-[28px] w-full text-start text-lightSlateBlue\">Nuestro software avanzado no solo optimiza tus rutas, sino que tambi\u00e9n reduce costos y tiempos de entrega.<\/p>\n<p class=\"font-graphik text-[18px] leading-[24px] lg:leading-[28px] w-full text-start text-lightSlateBlue\">Con SimpliRoute, puedes obtener una visibilidad detallada de tus env\u00edos, lo que te permite monitorear el progreso de las entregas, ajustar las rutas sobre la marcha si es necesario, y proporcionar actualizaciones precisas a tus clientes.<\/p>\n<p class=\"font-graphik text-[18px] leading-[24px] lg:leading-[28px] w-full text-start text-lightSlateBlue\">Esta caracter\u00edstica es crucial para mejorar la eficiencia operativa y la satisfacci\u00f3n del cliente.<\/p>\n<p class=\"font-graphik text-[18px] leading-[24px] lg:leading-[28px] w-full text-start text-lightSlateBlue\">Con tecnolog\u00eda de vanguardia, SimpliRoute te permite tomar el control total de tu distribuci\u00f3n, garantizando la m\u00e1xima eficiencia.<\/p>\n<p class=\"font-graphik text-[18px] leading-[24px] lg:leading-[28px] w-full text-start text-lightSlateBlue\">\u00a1S\u00e9 parte de la revoluci\u00f3n log\u00edstica con SimpliRoute!<\/p>\n<p>\u00a0<img decoding=\"async\" class=\"alignnone size-large wp-image-5454\" src=\"https:\/\/gatorperu.com\/wp-content\/uploads\/2016\/03\/Sistema-ERP-para-transporte-claves-para-elegir-bien-en-2026-1.png\" alt=\"\" width=\"1000\" height=\"417\" srcset=\"https:\/\/gatorperu.com\/wp-content\/uploads\/2016\/03\/Sistema-ERP-para-transporte-claves-para-elegir-bien-en-2026-1.png 1000w, https:\/\/gatorperu.com\/wp-content\/uploads\/2016\/03\/Sistema-ERP-para-transporte-claves-para-elegir-bien-en-2026-1-300x125.png 300w, https:\/\/gatorperu.com\/wp-content\/uploads\/2016\/03\/Sistema-ERP-para-transporte-claves-para-elegir-bien-en-2026-1-768x320.png 768w, https:\/\/gatorperu.com\/wp-content\/uploads\/2016\/03\/Sistema-ERP-para-transporte-claves-para-elegir-bien-en-2026-1-600x250.png 600w\" sizes=\"(max-width: 1000px) 100vw, 1000px\" \/><\/p>\n","protected":false},"excerpt":{"rendered":"<ul>\n<li class=\"bi bi-check\">Comprobantes Ilimitados<\/li>\n<li class=\"bi bi-check\">Usuarios Ilimitados<\/li>\n<li class=\"bi bi-check\">Establecimientos Ilimitados<\/li>\n<li class=\"bi bi-check\">Facturaci\u00f3n, boletas Electr\u00f3nicas.<\/li>\n<li class=\"bi bi-check\">Sistema de ventas , compras<\/li>\n<li class=\"bi bi-check\">Punto de Venta<\/li>\n<li class=\"bi bi-check\">Inventarios<\/li>\n<li class=\"bi bi-check\">Tienda Virtual<\/li>\n<li class=\"bi bi-check\">Sistema Contable y Finanzas<\/li>\n<li class=\"bi bi-check\">Reportes personalizados<\/li>\n<li class=\"bi bi-check\">M\u00f3dulos adicionales seg\u00fan tu rubro de negocio.<\/li>\n<li>APP incluido para cada usuario<\/li>\n<\/ul>\n","protected":false},"featured_media":5455,"comment_status":"open","ping_status":"closed","template":"","meta":{"_acf_changed":false,"content-type":""},"product_brand":[],"product_cat":[230],"product_tag":[],"class_list":{"0":"post-2613","1":"product","2":"type-product","3":"status-publish","4":"has-post-thumbnail","6":"product_cat-transporte","8":"first","9":"instock","10":"shipping-taxable","11":"purchasable","12":"product-type-simple"},"acf":[],"_links":{"self":[{"href":"https:\/\/gatorperu.com\/index.php\/wp-json\/wp\/v2\/product\/2613","targetHints":{"allow":["GET"]}}],"collection":[{"href":"https:\/\/gatorperu.com\/index.php\/wp-json\/wp\/v2\/product"}],"about":[{"href":"https:\/\/gatorperu.com\/index.php\/wp-json\/wp\/v2\/types\/product"}],"replies":[{"embeddable":true,"href":"https:\/\/gatorperu.com\/index.php\/wp-json\/wp\/v2\/comments?post=2613"}],"wp:featuredmedia":[{"embeddable":true,"href":"https:\/\/gatorperu.com\/index.php\/wp-json\/wp\/v2\/media\/5455"}],"wp:attachment":[{"href":"https:\/\/gatorperu.com\/index.php\/wp-json\/wp\/v2\/media?parent=2613"}],"wp:term":[{"taxonomy":"product_brand","embeddable":true,"href":"https:\/\/gatorperu.com\/index.php\/wp-json\/wp\/v2\/product_brand?post=2613"},{"taxonomy":"product_cat","embeddable":true,"href":"https:\/\/gatorperu.com\/index.php\/wp-json\/wp\/v2\/product_cat?post=2613"},{"taxonomy":"product_tag","embeddable":true,"href":"https:\/\/gatorperu.com\/index.php\/wp-json\/wp\/v2\/product_tag?post=2613"}],"curies":[{"name":"wp","href":"https:\/\/api.w.org\/{rel}","templated":true}]}}