{"id":2611,"date":"2016-03-17T08:10:47","date_gmt":"2016-03-17T08:10:47","guid":{"rendered":"https:\/\/electro.madrasthemes.com\/?post_type=product&#038;p=2611"},"modified":"2026-04-11T23:49:49","modified_gmt":"2026-04-11T23:49:49","slug":"sistema-para-vidrieria","status":"publish","type":"product","link":"https:\/\/gatorperu.com\/index.php\/product\/sistema-para-vidrieria\/","title":{"rendered":"Sistema para Vidrieria"},"content":{"rendered":"<p><img fetchpriority=\"high\" decoding=\"async\" class=\"alignnone size-full wp-image-5458\" src=\"https:\/\/gatorperu.com\/wp-content\/uploads\/2016\/03\/vidrios.jpg\" alt=\"\" width=\"510\" height=\"340\" srcset=\"https:\/\/gatorperu.com\/wp-content\/uploads\/2016\/03\/vidrios.jpg 510w, https:\/\/gatorperu.com\/wp-content\/uploads\/2016\/03\/vidrios-300x200.jpg 300w\" sizes=\"(max-width: 510px) 100vw, 510px\" \/><\/p>\n<p><strong>GATOR PLUS <\/strong>es una soluci\u00f3n ERP con gesti\u00f3n integrada de \u00f3rdenes de venta dise\u00f1ado espec\u00edficamente para la industria del vidrio.<br \/>\nBasado en una estructura de lista de materiales, los productos son f\u00e1cilmente gestionables gracias a una interfaz clara y una amplia variedad de ayudas para una introducci\u00f3n r\u00e1pida y segura. Todos los art\u00edculos introducidos se muestran de forma escalar, todo con soporte gr\u00e1fico para tareas de procesamiento y definici\u00f3n del producto.<\/p>\n<p>La edici\u00f3n intuitiva de documentos de GATOR PLUS\u00a0 permite editar los documentos comerciales y administrativos con agilidad, gracias a multitud de herramientas especializadas \u2013como el asistente de c\u00e1lculo de beneficios o el arrastre autom\u00e1tico de medidas para las manufacturas\u2013, y comodidad, pues se trabaja con ellos por pantalla con un formato similar al impreso. Las conversiones de presupuestos en pedidos, pedidos en albaranes (o presupuestos en albaranes), y albaranes en facturas, tanto completas como parciales, facilitan a\u00fan m\u00e1s el trabajo.<\/p>\n<p>GATOR PLUS\u00a0 permite disfrutar del sofisticado sistema de tarifaci\u00f3n que necesita una buena cristaler\u00eda: tarifas por escalado, m\u00faltiplos, dimensiones m\u00ednimas, metraje m\u00ednimo, precios especiales por plancha entera y por cliente, recargos por forma, recargos por metraje, recargo por lado mayor, etc., y tiene en cuenta el recargo energ\u00e9tico.<\/p>\n<p>GATOR PLUS permite obtener las hojas de trabajo autom\u00e1ticamente, ahorrando tiempo y errores. A partir de los presupuestos o pedidos, se pueden obtener autom\u00e1ticamente la hoja de corte de planchas, la cual puede complementarse con las etiquetas de corte y conectarse directamente con la m\u00e1quina de corte, as\u00ed como la hoja de cristal y manufacturas, y la de pedido de cristales especiales.<\/p>\n<p>GATOR PLUS se pueden calcular y fabricar dobles acristalamientos. Al editar los presupuestos o pedidos, en una \u00fanica ventana se indican los datos necesarios para el c\u00e1lculo de dobles acristalamientos: cantidad, medidas, barrotillos opcionales (pudiendo incluso modificar su cantidad y colocaci\u00f3n manualmente) y las variaciones que componen el acristalamiento. Los cambios se ven reflejados en el dibujo y el precio se calcula autom\u00e1ticamente seg\u00fan los precios de sustituci\u00f3n, las tarifas, los m\u00faltiplos, etc. La obtenci\u00f3n de la hoja de trabajo de doble acristalamiento permite acometer la fabricaci\u00f3n.<\/p>\n<p>GATOR PLUS se puede tambi\u00e9n dise\u00f1ar puertas formadas por cristales templados. Introduciendo s\u00f3lo las medidas, se calcular\u00e1 al instante cualquier vidriera por compleja que sea, incluso aquellas cuyos lados formen diferentes \u00e1ngulos. GATOR PLUS incluye una gran cantidad de modelos predise\u00f1ados, permite reutilizar estos para crear nuevos modelos e, incluso, crear dise\u00f1os desde cero.<\/p>\n<p><img decoding=\"async\" class=\"alignnone size-full wp-image-5457\" src=\"https:\/\/gatorperu.com\/wp-content\/uploads\/2016\/03\/vidrieria.jpg\" alt=\"\" width=\"640\" height=\"480\" srcset=\"https:\/\/gatorperu.com\/wp-content\/uploads\/2016\/03\/vidrieria.jpg 640w, https:\/\/gatorperu.com\/wp-content\/uploads\/2016\/03\/vidrieria-300x225.jpg 300w, https:\/\/gatorperu.com\/wp-content\/uploads\/2016\/03\/vidrieria-600x450.jpg 600w\" sizes=\"(max-width: 640px) 100vw, 640px\" \/><\/p>\n","protected":false},"excerpt":{"rendered":"<ul>\n<li class=\"bi bi-check\">Comprobantes Ilimitados<\/li>\n<li class=\"bi bi-check\">Usuarios Ilimitados<\/li>\n<li class=\"bi bi-check\">Establecimientos Ilimitados<\/li>\n<li class=\"bi bi-check\">Facturaci\u00f3n, boletas Electr\u00f3nicas.<\/li>\n<li class=\"bi bi-check\">Sistema de ventas , compras<\/li>\n<li class=\"bi bi-check\">Punto de Venta<\/li>\n<li class=\"bi bi-check\">Inventarios<\/li>\n<li class=\"bi bi-check\">Tienda Virtual<\/li>\n<li class=\"bi bi-check\">Sistema Contable y Finanzas<\/li>\n<li class=\"bi bi-check\">Reportes personalizados<\/li>\n<li class=\"bi bi-check\">M\u00f3dulos adicionales seg\u00fan tu rubro de negocio.<\/li>\n<li>APP incluido para cada usuario<\/li>\n<li>PAGO MENSUAL<\/li>\n<\/ul>\n","protected":false},"featured_media":5458,"comment_status":"open","ping_status":"closed","template":"","meta":{"_acf_changed":false,"content-type":""},"product_brand":[],"product_cat":[231],"product_tag":[],"class_list":{"0":"post-2611","1":"product","2":"type-product","3":"status-publish","4":"has-post-thumbnail","6":"product_cat-vidrieria","8":"first","9":"instock","10":"shipping-taxable","11":"purchasable","12":"product-type-simple"},"acf":[],"_links":{"self":[{"href":"https:\/\/gatorperu.com\/index.php\/wp-json\/wp\/v2\/product\/2611","targetHints":{"allow":["GET"]}}],"collection":[{"href":"https:\/\/gatorperu.com\/index.php\/wp-json\/wp\/v2\/product"}],"about":[{"href":"https:\/\/gatorperu.com\/index.php\/wp-json\/wp\/v2\/types\/product"}],"replies":[{"embeddable":true,"href":"https:\/\/gatorperu.com\/index.php\/wp-json\/wp\/v2\/comments?post=2611"}],"wp:featuredmedia":[{"embeddable":true,"href":"https:\/\/gatorperu.com\/index.php\/wp-json\/wp\/v2\/media\/5458"}],"wp:attachment":[{"href":"https:\/\/gatorperu.com\/index.php\/wp-json\/wp\/v2\/media?parent=2611"}],"wp:term":[{"taxonomy":"product_brand","embeddable":true,"href":"https:\/\/gatorperu.com\/index.php\/wp-json\/wp\/v2\/product_brand?post=2611"},{"taxonomy":"product_cat","embeddable":true,"href":"https:\/\/gatorperu.com\/index.php\/wp-json\/wp\/v2\/product_cat?post=2611"},{"taxonomy":"product_tag","embeddable":true,"href":"https:\/\/gatorperu.com\/index.php\/wp-json\/wp\/v2\/product_tag?post=2611"}],"curies":[{"name":"wp","href":"https:\/\/api.w.org\/{rel}","templated":true}]}}