{"id":2599,"date":"2016-03-17T13:16:05","date_gmt":"2016-03-17T07:46:05","guid":{"rendered":"https:\/\/electro.madrasthemes.com\/?post_type=product&#038;p=2599"},"modified":"2026-04-11T16:25:12","modified_gmt":"2026-04-11T16:25:12","slug":"facturacion-electronica-multi-rubro","status":"publish","type":"product","link":"https:\/\/gatorperu.com\/index.php\/product\/facturacion-electronica-multi-rubro\/","title":{"rendered":"Facturaci\u00f3n Electr\u00f3nica Multi Rubro"},"content":{"rendered":"<div class=\"wpb-content-wrapper\"><p><img fetchpriority=\"high\" decoding=\"async\" class=\"alignnone size-full wp-image-5447\" src=\"https:\/\/gatorperu.com\/wp-content\/uploads\/2016\/03\/sistema_promocion_gator.jpg\" alt=\"\" width=\"810\" height=\"810\" srcset=\"https:\/\/gatorperu.com\/wp-content\/uploads\/2016\/03\/sistema_promocion_gator.jpg 810w, https:\/\/gatorperu.com\/wp-content\/uploads\/2016\/03\/sistema_promocion_gator-300x300.jpg 300w, https:\/\/gatorperu.com\/wp-content\/uploads\/2016\/03\/sistema_promocion_gator-150x150.jpg 150w, https:\/\/gatorperu.com\/wp-content\/uploads\/2016\/03\/sistema_promocion_gator-768x768.jpg 768w, https:\/\/gatorperu.com\/wp-content\/uploads\/2016\/03\/sistema_promocion_gator-600x600.jpg 600w, https:\/\/gatorperu.com\/wp-content\/uploads\/2016\/03\/sistema_promocion_gator-100x100.jpg 100w, https:\/\/gatorperu.com\/wp-content\/uploads\/2016\/03\/sistema_promocion_gator-50x50.jpg 50w\" sizes=\"(max-width: 810px) 100vw, 810px\" \/><\/p>\n<p>&nbsp;<\/p>\n<section class=\"vc_row wpb_row vc_row-fluid liquid-row-shadowbox-69da70f2ef300\">\n<div class=\"ld-container container\">\n<div class=\"row ld-row\">\n<div class=\"wpb_column vc_column_container vc_col-sm-6 liquid-column-69da70f2ef609\">\n<div class=\"vc_column-inner\">\n<div class=\"wpb_wrapper \">\n<div class=\"wpb_wrapper-inner\">\n<header class=\"fancy-title ld_section_title_69da70f2ef6c2\">\n<h2>\u00bfPor qu\u00e9 el ecosistema de emisi\u00f3n electr\u00f3nica de GATOR PLUS ?<\/h2>\n<\/header>\n<div class=\"wpb_text_column wpb_content_element\">\n<div class=\"wpb_wrapper\">\n<h5>Emitir tus documentos electr\u00f3nicos no se trata<br \/>\nsolo de cumplir con la ley. Se trata de tener un<br \/>\naliado que te garantice estabilidad, soporte<br \/>\nespecializado y tecnolog\u00eda que evoluciona<br \/>\ncontigo.<\/h5>\n<\/div>\n<\/div>\n<\/div>\n<\/div>\n<\/div>\n<\/div>\n<div class=\"wpb_column vc_column_container vc_col-sm-6 liquid-column-69da70f2efae4\">\n<div class=\"vc_column-inner\">\n<div class=\"wpb_wrapper \">\n<div class=\"wpb_wrapper-inner\">\n<div class=\"wpb_single_image wpb_content_element vc_align_center liquid_vc_single_image-69da70f306368\">\n<figure class=\"wpb_wrapper vc_figure\">\n<div class=\"vc_single_image-wrapper vc_box_border_grey loaded\"><img decoding=\"async\" class=\"vc_single_image-img attachment-large ld-lazyload loaded\" title=\"senortrajefeliz_cenfin_carvajaldigital\" src=\"https:\/\/cencarvajal.pe\/wp-content\/uploads\/2025\/08\/senortrajefeliz_cenfin_carvajaldigital-1024x1024.webp\" sizes=\"(max-width: 780px) 100vw, 780px\" srcset=\"https:\/\/cencarvajal.pe\/wp-content\/uploads\/2025\/08\/senortrajefeliz_cenfin_carvajaldigital-1024x1024.webp 1024w, https:\/\/cencarvajal.pe\/wp-content\/uploads\/2025\/08\/senortrajefeliz_cenfin_carvajaldigital-300x300.webp 300w, https:\/\/cencarvajal.pe\/wp-content\/uploads\/2025\/08\/senortrajefeliz_cenfin_carvajaldigital-150x150.webp 150w, https:\/\/cencarvajal.pe\/wp-content\/uploads\/2025\/08\/senortrajefeliz_cenfin_carvajaldigital.webp 1028w\" alt=\"\" width=\"780\" height=\"780\" data-src=\"https:\/\/cencarvajal.pe\/wp-content\/uploads\/2025\/08\/senortrajefeliz_cenfin_carvajaldigital-1024x1024.webp\" data-srcset=\"https:\/\/cencarvajal.pe\/wp-content\/uploads\/2025\/08\/senortrajefeliz_cenfin_carvajaldigital-1024x1024.webp 1024w, https:\/\/cencarvajal.pe\/wp-content\/uploads\/2025\/08\/senortrajefeliz_cenfin_carvajaldigital-300x300.webp 300w, https:\/\/cencarvajal.pe\/wp-content\/uploads\/2025\/08\/senortrajefeliz_cenfin_carvajaldigital-150x150.webp 150w, https:\/\/cencarvajal.pe\/wp-content\/uploads\/2025\/08\/senortrajefeliz_cenfin_carvajaldigital.webp 1028w\" data-aspect=\"1\" data-was-processed=\"true\" \/><\/div>\n<\/figure>\n<\/div>\n<\/div>\n<\/div>\n<\/div>\n<\/div>\n<\/div>\n<\/div>\n<\/section>\n<section class=\"vc_row wpb_row vc_row-fluid liquid-row-shadowbox-69da70f306690\">\n<div class=\"ld-container container\">\n<div class=\"row ld-row\">\n<div class=\"wpb_column vc_column_container vc_col-sm-2 liquid-column-69da70f306998\">\n<div class=\"vc_column-inner\">\n<div class=\"wpb_wrapper \">\n<div class=\"wpb_wrapper-inner\"><\/div>\n<\/div>\n<\/div>\n<\/div>\n<div class=\"wpb_column vc_column_container vc_col-sm-8 liquid-column-69da70f306c5e\">\n<div class=\"vc_column-inner\">\n<div class=\"wpb_wrapper \">\n<div class=\"wpb_wrapper-inner\">\n<div class=\"vc_empty_space\"><\/div>\n<header class=\"fancy-title text-center ld_section_title_69da70f306d7b\">\n<h2>Un ecosistema digital m\u00e1s conectado y estrat\u00e9gico<\/h2>\n<\/header>\n<\/div>\n<\/div>\n<\/div>\n<\/div>\n<div class=\"wpb_column vc_column_container vc_col-sm-2 liquid-column-69da70f307097\">\n<div class=\"vc_column-inner\">\n<div class=\"wpb_wrapper \">\n<div class=\"wpb_wrapper-inner\"><\/div>\n<\/div>\n<\/div>\n<\/div>\n<\/div>\n<\/div>\n<\/section>\n<section class=\"vc_row wpb_row vc_row-fluid liquid-row-shadowbox-69da70f30736c\">\n<div class=\"ld-container container\">\n<div class=\"row ld-row\">\n<div class=\"wpb_column vc_column_container vc_col-sm-12 liquid-column-69da70f30768d\">\n<div class=\"vc_column-inner\">\n<div class=\"wpb_wrapper \">\n<div class=\"wpb_wrapper-inner\">\n<div class=\"wpb_raw_code wpb_raw_html wpb_content_element\">\n<div class=\"wpb_wrapper\">\n<div class=\"contenedor-escala\">\n<div class=\"bloque-escala-real\">\n<div>\n<ul>\n<li class=\"titulo-beneficio\">Beneficios<img decoding=\"async\" class=\"beneficio-icono\" src=\"https:\/\/carvajaldigital.co\/wp-content\/uploads\/2025\/07\/Check-MarkAzul_Landing_CarvajalDigital.png\" width=\"23\" height=\"29\" \/><\/li>\n<li>Cumplimiento normativo con SUNAT desde el primer d\u00eda<img loading=\"lazy\" decoding=\"async\" class=\"beneficio-icono\" src=\"https:\/\/carvajaldigital.co\/wp-content\/uploads\/2025\/07\/Check-MarkAzul_Landing_CarvajalDigital.png\" width=\"24\" height=\"29\" \/><\/li>\n<li>Integraci\u00f3n sencilla con tus sistemas<img loading=\"lazy\" decoding=\"async\" class=\"beneficio-icono\" src=\"https:\/\/carvajaldigital.co\/wp-content\/uploads\/2025\/07\/Check-MarkAzul_Landing_CarvajalDigital.png\" width=\"25\" height=\"31\" \/><\/li>\n<li>Visibilidad completa del estado de cada documento<img loading=\"lazy\" decoding=\"async\" class=\"beneficio-icono\" src=\"https:\/\/carvajaldigital.co\/wp-content\/uploads\/2025\/07\/Check-MarkAzul_Landing_CarvajalDigital.png\" width=\"26\" height=\"31\" \/><\/li>\n<li>Emisi\u00f3n masiva o individual seg\u00fan tus flujos<img loading=\"lazy\" decoding=\"async\" class=\"beneficio-icono\" src=\"https:\/\/carvajaldigital.co\/wp-content\/uploads\/2025\/07\/Check-MarkAzul_Landing_CarvajalDigital.png\" width=\"26\" height=\"31\" \/><\/li>\n<\/ul>\n<\/div>\n<div><img loading=\"lazy\" decoding=\"async\" class=\"\" src=\"https:\/\/carvajaldigital.co\/wp-content\/uploads\/2025\/07\/manlookingside_CENFinanciero_CarvajalDigital.png\" alt=\"Imagen central\" width=\"657\" height=\"657\" \/><\/div>\n<div>\n<ul>\n<li class=\"titulo-beneficio\">Funcionalidades<img loading=\"lazy\" decoding=\"async\" class=\"beneficio-icono\" src=\"https:\/\/carvajaldigital.co\/wp-content\/uploads\/2025\/07\/Check-Mark_Landing_CarvajalDigital.png\" width=\"22\" height=\"27\" \/><\/li>\n<li>Validaci\u00f3n autom\u00e1tica ante OSE y SUNAT<img loading=\"lazy\" decoding=\"async\" class=\"beneficio-icono\" src=\"https:\/\/carvajaldigital.co\/wp-content\/uploads\/2025\/07\/Check-Mark_Landing_CarvajalDigital.png\" width=\"23\" height=\"28\" \/><\/li>\n<li>Portal de emisi\u00f3n y monitoreo en tiempo real<img loading=\"lazy\" decoding=\"async\" class=\"beneficio-icono\" src=\"https:\/\/carvajaldigital.co\/wp-content\/uploads\/2025\/07\/Check-Mark_Landing_CarvajalDigital.png\" width=\"23\" height=\"29\" \/><\/li>\n<li>Reportes tributarios y auditor\u00eda<img loading=\"lazy\" decoding=\"async\" class=\"beneficio-icono\" src=\"https:\/\/carvajaldigital.co\/wp-content\/uploads\/2025\/07\/Check-Mark_Landing_CarvajalDigital.png\" width=\"23\" height=\"28\" \/><\/li>\n<li>Trazabilidad completa del documento hasta el receptor<img loading=\"lazy\" decoding=\"async\" class=\"beneficio-icono\" src=\"https:\/\/carvajaldigital.co\/wp-content\/uploads\/2025\/07\/Check-Mark_Landing_CarvajalDigital.png\" width=\"23\" height=\"28\" \/><\/li>\n<\/ul>\n<\/div>\n<\/div>\n<\/div>\n<\/div>\n<\/div>\n<\/div>\n<\/div>\n<\/div>\n<\/div>\n<\/div>\n<\/div>\n<\/section>\n<section class=\"vc_row wpb_row vc_row-fluid liquid-row-shadowbox-69da70f307e9d\">\n<div class=\"ld-container container\">\n<div class=\"row ld-row\">\n<div class=\"wpb_column vc_column_container vc_col-sm-12 liquid-column-69da70f308186\">\n<div class=\"vc_column-inner\">\n<div class=\"wpb_wrapper \">\n<div class=\"wpb_wrapper-inner\">\n<div class=\"vc_separator wpb_content_element vc_separator_align_center vc_sep_width_100 vc_sep_border_width_2 vc_sep_pos_align_center vc_separator_no_text vc_sep_color_grey wpb_content_element wpb_content_element\"><\/div>\n<\/div>\n<\/div>\n<\/div>\n<\/div>\n<\/div>\n<\/div>\n<\/section>\n<section class=\"vc_row wpb_row vc_row-fluid liquid-row-shadowbox-69da70f30893b\">\n<div class=\"ld-container container\">\n<div class=\"row ld-row\">\n<div class=\"wpb_column vc_column_container vc_col-sm-6 liquid-column-69da70f308c4f\">\n<div class=\"vc_column-inner\">\n<div class=\"wpb_wrapper \">\n<div class=\"wpb_wrapper-inner\">\n<div id=\"ld_icon_box_69da70f308d92\" class=\"iconbox iconbox-round iconbox-shadow iconbox-filled ld_icon_box_69da70f308d92\" data-plugin-options=\"{&quot;color&quot;:&quot;rgb(58, 142, 199)&quot;}\">\n<div class=\"iconbox-icon-wrap\"><\/div>\n<div class=\"contents\">\n<h3>Factura Electr\u00f3nica<\/h3>\n<p>Documento principal de venta<br \/>\ncon validaci\u00f3n autom\u00e1tica,<br \/>\nobligatorio para empresas seg\u00fan<br \/>\nSUNAT.<\/p>\n<\/div>\n<\/div>\n<div class=\"vc_empty_space\"><\/div>\n<div id=\"ld_icon_box_69da70f309a06\" class=\"iconbox iconbox-round iconbox-shadow iconbox-filled ld_icon_box_69da70f309a06\" data-plugin-options=\"{&quot;color&quot;:&quot;rgb(58, 142, 199)&quot;}\">\n<div class=\"iconbox-icon-wrap\"><\/div>\n<div class=\"contents\">\n<h3>Retenciones Electr\u00f3nicas<\/h3>\n<p>Procesamiento digital de los<br \/>\ncomprobantes sujetos a<br \/>\nretenci\u00f3n, con c\u00e1lculo<br \/>\nautomatizado y env\u00edo a SUNAT.<\/p>\n<\/div>\n<\/div>\n<\/div>\n<\/div>\n<\/div>\n<\/div>\n<div class=\"wpb_column vc_column_container vc_col-sm-6 liquid-column-69da70f30a78c\">\n<div class=\"vc_column-inner\">\n<div class=\"wpb_wrapper \">\n<div class=\"wpb_wrapper-inner\">\n<div id=\"ld_icon_box_69da70f30a8b1\" class=\"iconbox iconbox-round iconbox-shadow iconbox-filled ld_icon_box_69da70f30a8b1\" data-plugin-options=\"{&quot;color&quot;:&quot;rgb(58, 142, 199)&quot;}\">\n<div class=\"contents\">\n<h3>Gu\u00edas de Remisi\u00f3n Electr\u00f3nicas<\/h3>\n<p>Documentos de traslado<br \/>\nvalidados en l\u00ednea, que<br \/>\nacompa\u00f1an mercanc\u00edas y<br \/>\nprevienen sanciones en controles<br \/>\nSUNAT.<\/p>\n<\/div>\n<\/div>\n<div id=\"ld_icon_box_69da70f30ad1a\" class=\"iconbox iconbox-round iconbox-shadow iconbox-filled ld_icon_box_69da70f30ad1a\" data-plugin-options=\"{&quot;color&quot;:&quot;rgb(58, 142, 199)&quot;}\">\n<div class=\"contents\">\n<h3>OSE &#8211; Operador de Servicios Electr\u00f3nicos<\/h3>\n<p>Somos tu intermediario autorizado<br \/>\npor SUNAT para validar tus<br \/>\ncomprobantes electr\u00f3nicos, sin<br \/>\nerrores ni rechazos.<\/p>\n<\/div>\n<\/div>\n<\/div>\n<\/div>\n<\/div>\n<\/div>\n<\/div>\n<\/div>\n<\/section>\n<section class=\"vc_row wpb_row vc_row-fluid liquid-row-shadowbox-69da70f30b838\">\n<div class=\"ld-container container\">\n<div class=\"row ld-row\">\n<div class=\"wpb_column vc_column_container vc_col-sm-8 liquid-column-69da70f30bdf6\">\n<div class=\"vc_column-inner\">\n<div class=\"wpb_wrapper \">\n<div class=\"wpb_wrapper-inner\">\n<header class=\"fancy-title text-center ld_section_title_69da70f30be97\">\n<h2>\u00a1Las mejores soluciones que te podemos ofrecer!<\/h2>\n<\/header>\n<\/div>\n<\/div>\n<\/div>\n<\/div>\n<\/div>\n<\/div>\n<\/section>\n<h2 class=\"gb-headline gb-headline-e45fd52e gb-headline-text\">Somos el \u00daNICO SISTEMA<\/h2>\n<h2 class=\"gb-headline gb-headline-10eb4107 gb-headline-text\"><span style=\"color: #ff0000;\"><strong>de facturaci\u00f3n electr\u00f3nica<\/strong><\/span><br \/>\n<span style=\"color: #ff0000;\"><strong>que revisa diariamente que los comprobantes de nuestros clientes est\u00e9n aceptados y sin problemas en SUNAT.<\/strong><\/span><\/h2>\n<p>&nbsp;<\/p>\n<h2 class=\"gb-headline gb-headline-8dd9351d gb-headline-text\">Proceso diario de revisi\u00f3n de comprobantes<\/h2>\n<h2 class=\"gb-headline gb-headline-13fabd96 gb-headline-text\">de todos nuestros clientes para garantizar que est\u00e9n aceptados y en orden en SUNAT, a su vez realizamos la verificaci\u00f3n que contengan los<br \/>\ntres archivos solicitados por norma PDF, XML Y CDR. Somos la \u00fanica empresa<br \/>\nque realiza esta revisi\u00f3n diaria.<\/h2>\n<p><img loading=\"lazy\" decoding=\"async\" class=\"alignnone size-full wp-image-5449\" src=\"https:\/\/gatorperu.com\/wp-content\/uploads\/2016\/03\/certificado-sunat.webp\" alt=\"\" width=\"152\" height=\"153\" srcset=\"https:\/\/gatorperu.com\/wp-content\/uploads\/2016\/03\/certificado-sunat.webp 152w, https:\/\/gatorperu.com\/wp-content\/uploads\/2016\/03\/certificado-sunat-150x150.webp 150w, https:\/\/gatorperu.com\/wp-content\/uploads\/2016\/03\/certificado-sunat-100x100.webp 100w, https:\/\/gatorperu.com\/wp-content\/uploads\/2016\/03\/certificado-sunat-50x50.webp 50w\" sizes=\"(max-width: 152px) 100vw, 152px\" \/> <img loading=\"lazy\" decoding=\"async\" class=\"alignnone size-large wp-image-5450\" src=\"https:\/\/gatorperu.com\/wp-content\/uploads\/2016\/03\/iso27001.webp\" alt=\"\" width=\"152\" height=\"153\" srcset=\"https:\/\/gatorperu.com\/wp-content\/uploads\/2016\/03\/iso27001.webp 152w, https:\/\/gatorperu.com\/wp-content\/uploads\/2016\/03\/iso27001-150x150.webp 150w, https:\/\/gatorperu.com\/wp-content\/uploads\/2016\/03\/iso27001-100x100.webp 100w, https:\/\/gatorperu.com\/wp-content\/uploads\/2016\/03\/iso27001-50x50.webp 50w\" sizes=\"(max-width: 152px) 100vw, 152px\" \/><\/p>\n<\/div>","protected":false},"excerpt":{"rendered":"<ul>\n<li class=\"bi bi-check\">Comprobantes Ilimitados<\/li>\n<li class=\"bi bi-check\">Usuarios (1)<\/li>\n<li class=\"bi bi-check\">Establecimientos (1)<\/li>\n<li class=\"bi bi-check\">Facturaci\u00f3n, boletas Electr\u00f3nicas.<\/li>\n<li class=\"bi bi-check\">Sistema de ventas , compras<\/li>\n<li class=\"bi bi-check\">Punto de Venta<\/li>\n<li class=\"bi bi-check\">Inventarios<\/li>\n<li class=\"bi bi-check\">Sistema Contable y Finanzas<\/li>\n<li class=\"bi bi-check\">Reportes personalizados<\/li>\n<li class=\"bi bi-check\">M\u00f3dulos adicionales seg\u00fan tu rubro de negocio.<\/li>\n<li>APP incluido para 1 usuario<\/li>\n<li>PAGO MENSUAL<\/li>\n<li>Soporte por Ticket<\/li>\n<\/ul>\n","protected":false},"featured_media":5447,"comment_status":"open","ping_status":"closed","template":"","meta":{"_acf_changed":false,"content-type":""},"product_brand":[],"product_cat":[174],"product_tag":[],"class_list":{"0":"post-2599","1":"product","2":"type-product","3":"status-publish","4":"has-post-thumbnail","6":"product_cat-game-consoles","8":"first","9":"instock","10":"shipping-taxable","11":"purchasable","12":"product-type-simple"},"acf":[],"_links":{"self":[{"href":"https:\/\/gatorperu.com\/index.php\/wp-json\/wp\/v2\/product\/2599","targetHints":{"allow":["GET"]}}],"collection":[{"href":"https:\/\/gatorperu.com\/index.php\/wp-json\/wp\/v2\/product"}],"about":[{"href":"https:\/\/gatorperu.com\/index.php\/wp-json\/wp\/v2\/types\/product"}],"replies":[{"embeddable":true,"href":"https:\/\/gatorperu.com\/index.php\/wp-json\/wp\/v2\/comments?post=2599"}],"wp:featuredmedia":[{"embeddable":true,"href":"https:\/\/gatorperu.com\/index.php\/wp-json\/wp\/v2\/media\/5447"}],"wp:attachment":[{"href":"https:\/\/gatorperu.com\/index.php\/wp-json\/wp\/v2\/media?parent=2599"}],"wp:term":[{"taxonomy":"product_brand","embeddable":true,"href":"https:\/\/gatorperu.com\/index.php\/wp-json\/wp\/v2\/product_brand?post=2599"},{"taxonomy":"product_cat","embeddable":true,"href":"https:\/\/gatorperu.com\/index.php\/wp-json\/wp\/v2\/product_cat?post=2599"},{"taxonomy":"product_tag","embeddable":true,"href":"https:\/\/gatorperu.com\/index.php\/wp-json\/wp\/v2\/product_tag?post=2599"}],"curies":[{"name":"wp","href":"https:\/\/api.w.org\/{rel}","templated":true}]}}